{"id":4797,"date":"2025-03-24T16:00:41","date_gmt":"2025-03-24T14:00:41","guid":{"rendered":"https:\/\/rostudio.lv\/shop\/180250\/"},"modified":"2025-03-24T16:00:41","modified_gmt":"2025-03-24T14:00:41","slug":"180250","status":"publish","type":"product","link":"https:\/\/rostudio.lv\/fr\/shop\/180250\/","title":{"rendered":"180250"},"content":{"rendered":"","protected":false},"excerpt":{"rendered":"<p>ensemble de boucles d&rsquo;oreilles contemporaines compos\u00e9 de clous en argent sterling de tailles vari\u00e9es, une interpr\u00e9tation moderne et polyvalente du minimalisme ___con\u00e7u pour un style sans effort, portez-les comme une paire d\u00e9pareill\u00e9e, empilez-les sur plusieurs piercings ou restez simple avec une seule pi\u00e8ce d\u00e9claration.<\/p>\n","protected":false},"featured_media":3410,"template":"","meta":[],"product_brand":[],"product_cat":[189,176],"product_tag":[],"class_list":{"0":"post-4797","1":"product","2":"type-product","3":"status-publish","4":"has-post-thumbnail","6":"product_cat-boucles-doreilles","7":"product_cat-tous-les-bijoux","9":"first","10":"instock","11":"featured","12":"sold-individually","13":"taxable","14":"shipping-taxable","15":"purchasable","16":"product-type-variable","17":"has-default-attributes","18":"layout-style-2","19":"col-md-4 col-sm-4 col-xs-6","20":"col-lg-3","21":"product-style-quickview"},"_links":{"self":[{"href":"https:\/\/rostudio.lv\/fr\/wp-json\/wp\/v2\/product\/4797","targetHints":{"allow":["GET"]}}],"collection":[{"href":"https:\/\/rostudio.lv\/fr\/wp-json\/wp\/v2\/product"}],"about":[{"href":"https:\/\/rostudio.lv\/fr\/wp-json\/wp\/v2\/types\/product"}],"wp:featuredmedia":[{"embeddable":true,"href":"https:\/\/rostudio.lv\/fr\/wp-json\/wp\/v2\/media\/3410"}],"wp:attachment":[{"href":"https:\/\/rostudio.lv\/fr\/wp-json\/wp\/v2\/media?parent=4797"}],"wp:term":[{"taxonomy":"product_brand","embeddable":true,"href":"https:\/\/rostudio.lv\/fr\/wp-json\/wp\/v2\/product_brand?post=4797"},{"taxonomy":"product_cat","embeddable":true,"href":"https:\/\/rostudio.lv\/fr\/wp-json\/wp\/v2\/product_cat?post=4797"},{"taxonomy":"product_tag","embeddable":true,"href":"https:\/\/rostudio.lv\/fr\/wp-json\/wp\/v2\/product_tag?post=4797"}],"curies":[{"name":"wp","href":"https:\/\/api.w.org\/{rel}","templated":true}]}}