{"id":4743,"date":"2025-03-28T18:38:14","date_gmt":"2025-03-28T16:38:14","guid":{"rendered":"https:\/\/rostudio.lv\/shop\/le-bracelet-n-3\/"},"modified":"2025-03-28T18:38:14","modified_gmt":"2025-03-28T16:38:14","slug":"le-bracelet-n-3","status":"publish","type":"product","link":"https:\/\/rostudio.lv\/fr\/shop\/le-bracelet-n-3\/","title":{"rendered":"LE BRACELET N\u00b0 3"},"content":{"rendered":"","protected":false},"excerpt":{"rendered":"<p>Con\u00e7u pour celles et ceux qui appr\u00e9cient un style fort et intemporel, ce bracelet fabriqu\u00e9 \u00e0 la main pr\u00e9sente des maillons surdimensionn\u00e9s en argent sterling saisissants, cr\u00e9ant une pi\u00e8ce affirm\u00e9e qui allie une touche moderne \u00e0 une \u00e9l\u00e9gance classique. Port\u00e9 seul ou superpos\u00e9, ce bijou ajoute une sophistication naturelle \u00e0 n&rsquo;importe quel look.<\/p>\n","protected":false},"featured_media":3482,"template":"","meta":[],"product_brand":[],"product_cat":[216,176],"product_tag":[],"class_list":{"0":"post-4743","1":"product","2":"type-product","3":"status-publish","4":"has-post-thumbnail","6":"product_cat-manchettes-et-bracelets","7":"product_cat-tous-les-bijoux","9":"first","10":"instock","11":"sold-individually","12":"taxable","13":"shipping-taxable","14":"purchasable","15":"product-type-variable","16":"layout-style-2","17":"col-md-4 col-sm-4 col-xs-6","18":"col-lg-3","19":"product-style-quickview"},"_links":{"self":[{"href":"https:\/\/rostudio.lv\/fr\/wp-json\/wp\/v2\/product\/4743","targetHints":{"allow":["GET"]}}],"collection":[{"href":"https:\/\/rostudio.lv\/fr\/wp-json\/wp\/v2\/product"}],"about":[{"href":"https:\/\/rostudio.lv\/fr\/wp-json\/wp\/v2\/types\/product"}],"wp:featuredmedia":[{"embeddable":true,"href":"https:\/\/rostudio.lv\/fr\/wp-json\/wp\/v2\/media\/3482"}],"wp:attachment":[{"href":"https:\/\/rostudio.lv\/fr\/wp-json\/wp\/v2\/media?parent=4743"}],"wp:term":[{"taxonomy":"product_brand","embeddable":true,"href":"https:\/\/rostudio.lv\/fr\/wp-json\/wp\/v2\/product_brand?post=4743"},{"taxonomy":"product_cat","embeddable":true,"href":"https:\/\/rostudio.lv\/fr\/wp-json\/wp\/v2\/product_cat?post=4743"},{"taxonomy":"product_tag","embeddable":true,"href":"https:\/\/rostudio.lv\/fr\/wp-json\/wp\/v2\/product_tag?post=4743"}],"curies":[{"name":"wp","href":"https:\/\/api.w.org\/{rel}","templated":true}]}}