{"id":4727,"date":"2025-03-28T19:05:54","date_gmt":"2025-03-28T17:05:54","guid":{"rendered":"https:\/\/rostudio.lv\/shop\/lonyx-heart-n-3\/"},"modified":"2025-03-28T19:05:54","modified_gmt":"2025-03-28T17:05:54","slug":"lonyx-heart-n-3","status":"publish","type":"product","link":"https:\/\/rostudio.lv\/fr\/shop\/lonyx-heart-n-3\/","title":{"rendered":"L&rsquo;ONYX HEART N\u00b0 3"},"content":{"rendered":"","protected":false},"excerpt":{"rendered":"<p>Con\u00e7u pour compl\u00e9ter notre <a href=\"https:\/\/rostudio.lv\/fr\/shop\/la-chaine-n-3\/\">cha\u00eene en argent statement<\/a>, ce pendentif en onyx en forme de c\u0153ur ajoute une touche audacieuse mais raffin\u00e9e \u00e0 votre collection de bijoux. Portez-le pour rehausser votre <a href=\"https:\/\/rostudio.lv\/fr\/shop\/la-chaine-n-3\/\">cha\u00eene<\/a> avec une touche de romance sombre, ou gardez-le \u00e0 port\u00e9e de main pour changer de style sans effort.<\/p>\n<p> \/\/ La cha\u00eene n&rsquo;est pas incluse et doit \u00eatre achet\u00e9e s\u00e9par\u00e9ment.<\/p>\n","protected":false},"featured_media":3485,"template":"","meta":[],"product_brand":[],"product_cat":[215,176],"product_tag":[],"class_list":{"0":"post-4727","1":"product","2":"type-product","3":"status-publish","4":"has-post-thumbnail","6":"product_cat-pendentifs","7":"product_cat-tous-les-bijoux","9":"first","10":"instock","11":"sold-individually","12":"taxable","13":"shipping-taxable","14":"purchasable","15":"product-type-variable","16":"has-default-attributes","17":"layout-style-2","18":"col-md-4 col-sm-4 col-xs-6","19":"col-lg-3","20":"product-style-quickview"},"_links":{"self":[{"href":"https:\/\/rostudio.lv\/fr\/wp-json\/wp\/v2\/product\/4727","targetHints":{"allow":["GET"]}}],"collection":[{"href":"https:\/\/rostudio.lv\/fr\/wp-json\/wp\/v2\/product"}],"about":[{"href":"https:\/\/rostudio.lv\/fr\/wp-json\/wp\/v2\/types\/product"}],"wp:featuredmedia":[{"embeddable":true,"href":"https:\/\/rostudio.lv\/fr\/wp-json\/wp\/v2\/media\/3485"}],"wp:attachment":[{"href":"https:\/\/rostudio.lv\/fr\/wp-json\/wp\/v2\/media?parent=4727"}],"wp:term":[{"taxonomy":"product_brand","embeddable":true,"href":"https:\/\/rostudio.lv\/fr\/wp-json\/wp\/v2\/product_brand?post=4727"},{"taxonomy":"product_cat","embeddable":true,"href":"https:\/\/rostudio.lv\/fr\/wp-json\/wp\/v2\/product_cat?post=4727"},{"taxonomy":"product_tag","embeddable":true,"href":"https:\/\/rostudio.lv\/fr\/wp-json\/wp\/v2\/product_tag?post=4727"}],"curies":[{"name":"wp","href":"https:\/\/api.w.org\/{rel}","templated":true}]}}