{"id":4723,"date":"2025-03-28T17:42:29","date_gmt":"2025-03-28T15:42:29","guid":{"rendered":"https:\/\/rostudio.lv\/shop\/la-chaine-n-3\/"},"modified":"2026-02-24T12:30:53","modified_gmt":"2026-02-24T10:30:53","slug":"la-chaine-n-3","status":"publish","type":"product","link":"https:\/\/rostudio.lv\/fr\/shop\/la-chaine-n-3\/","title":{"rendered":"La CHA\u00ceNE N\u00b0 3"},"content":{"rendered":"","protected":false},"excerpt":{"rendered":"<p>un collier cha\u00eene tendance fabriqu\u00e9 en argent sterling de haute qualit\u00e9, avec des maillons audacieux et surdimensionn\u00e9s pour un look \u00e0 la fois moderne et intemporel. Parfait pour \u00eatre port\u00e9 seul ou superpos\u00e9.<\/p>\n<p>Disponible avec ou sans <a href=\"https:\/\/rostudio.lv\/fr\/shop\/lonyx-heart-n-3\/\">pendentif en onyx en forme de c\u0153ur<\/a>, vous permettant de choisir entre une simplicit\u00e9 \u00e9l\u00e9gante ou une touche d&rsquo;\u00e9l\u00e9gance sombre.<\/p>\n<p>Fabriqu\u00e9 \u00e0 la main avec pr\u00e9cision et con\u00e7u pour ceux qui appr\u00e9cient la sophistication audacieuse.<\/p>\n","protected":false},"featured_media":4729,"template":"","meta":[],"product_brand":[],"product_cat":[218,176],"product_tag":[],"class_list":{"0":"post-4723","1":"product","2":"type-product","3":"status-publish","4":"has-post-thumbnail","6":"product_cat-chaines","7":"product_cat-tous-les-bijoux","9":"first","10":"instock","11":"featured","12":"sold-individually","13":"taxable","14":"shipping-taxable","15":"purchasable","16":"product-type-variable","17":"layout-style-2","18":"col-md-4 col-sm-4 col-xs-6","19":"col-lg-3","20":"product-style-quickview"},"_links":{"self":[{"href":"https:\/\/rostudio.lv\/fr\/wp-json\/wp\/v2\/product\/4723","targetHints":{"allow":["GET"]}}],"collection":[{"href":"https:\/\/rostudio.lv\/fr\/wp-json\/wp\/v2\/product"}],"about":[{"href":"https:\/\/rostudio.lv\/fr\/wp-json\/wp\/v2\/types\/product"}],"wp:featuredmedia":[{"embeddable":true,"href":"https:\/\/rostudio.lv\/fr\/wp-json\/wp\/v2\/media\/4729"}],"wp:attachment":[{"href":"https:\/\/rostudio.lv\/fr\/wp-json\/wp\/v2\/media?parent=4723"}],"wp:term":[{"taxonomy":"product_brand","embeddable":true,"href":"https:\/\/rostudio.lv\/fr\/wp-json\/wp\/v2\/product_brand?post=4723"},{"taxonomy":"product_cat","embeddable":true,"href":"https:\/\/rostudio.lv\/fr\/wp-json\/wp\/v2\/product_cat?post=4723"},{"taxonomy":"product_tag","embeddable":true,"href":"https:\/\/rostudio.lv\/fr\/wp-json\/wp\/v2\/product_tag?post=4723"}],"curies":[{"name":"wp","href":"https:\/\/api.w.org\/{rel}","templated":true}]}}