{"id":4680,"date":"2020-11-05T19:57:23","date_gmt":"2020-11-05T17:57:23","guid":{"rendered":"https:\/\/rostudio.lv\/shop\/110516\/"},"modified":"2020-11-05T19:57:23","modified_gmt":"2020-11-05T17:57:23","slug":"110516","status":"publish","type":"product","link":"https:\/\/rostudio.lv\/fr\/shop\/110516\/","title":{"rendered":"110516"},"content":{"rendered":"","protected":false},"excerpt":{"rendered":"<p>Dans une qu\u00eate d&rsquo;\u00e9l\u00e9gance pure, la bague 110516 la repr\u00e9sente dans toute sa splendeur. Elle n&rsquo;est ni trop grande ni trop petite, elle a la taille id\u00e9ale pour donner un chic \u00e9l\u00e9gant \u00e0 chaque femme. <\/p>\n","protected":false},"featured_media":3417,"template":"","meta":[],"product_brand":[],"product_cat":[184,176],"product_tag":[],"class_list":{"0":"post-4680","1":"product","2":"type-product","3":"status-publish","4":"has-post-thumbnail","6":"product_cat-bagues","7":"product_cat-tous-les-bijoux","9":"first","10":"instock","11":"sold-individually","12":"taxable","13":"shipping-taxable","14":"purchasable","15":"product-type-variable","16":"has-default-attributes","17":"layout-style-2","18":"col-md-4 col-sm-4 col-xs-6","19":"col-lg-3","20":"product-style-quickview"},"_links":{"self":[{"href":"https:\/\/rostudio.lv\/fr\/wp-json\/wp\/v2\/product\/4680","targetHints":{"allow":["GET"]}}],"collection":[{"href":"https:\/\/rostudio.lv\/fr\/wp-json\/wp\/v2\/product"}],"about":[{"href":"https:\/\/rostudio.lv\/fr\/wp-json\/wp\/v2\/types\/product"}],"wp:featuredmedia":[{"embeddable":true,"href":"https:\/\/rostudio.lv\/fr\/wp-json\/wp\/v2\/media\/3417"}],"wp:attachment":[{"href":"https:\/\/rostudio.lv\/fr\/wp-json\/wp\/v2\/media?parent=4680"}],"wp:term":[{"taxonomy":"product_brand","embeddable":true,"href":"https:\/\/rostudio.lv\/fr\/wp-json\/wp\/v2\/product_brand?post=4680"},{"taxonomy":"product_cat","embeddable":true,"href":"https:\/\/rostudio.lv\/fr\/wp-json\/wp\/v2\/product_cat?post=4680"},{"taxonomy":"product_tag","embeddable":true,"href":"https:\/\/rostudio.lv\/fr\/wp-json\/wp\/v2\/product_tag?post=4680"}],"curies":[{"name":"wp","href":"https:\/\/api.w.org\/{rel}","templated":true}]}}