{"id":4619,"date":"2020-11-05T20:40:26","date_gmt":"2020-11-05T18:40:26","guid":{"rendered":"https:\/\/rostudio.lv\/shop\/240930\/"},"modified":"2020-11-05T20:40:26","modified_gmt":"2020-11-05T18:40:26","slug":"240930","status":"publish","type":"product","link":"https:\/\/rostudio.lv\/fr\/shop\/240930\/","title":{"rendered":"240930"},"content":{"rendered":"","protected":false},"excerpt":{"rendered":"<p>Un bijou o\u00f9 le design classique rencontre le minimalisme moderne \u2014 un ensemble de manchettes en argent sterling serti d&rsquo;un diamant noir, fa\u00e7onn\u00e9 avec une construction ouverte et \u00e9pur\u00e9e<\/p>\n<p>Superposez-le avec d&rsquo;autres bracelets pour une d\u00e9claration plus audacieuse, ou portez-le seul pour une confiance discr\u00e8te<\/p>\n","protected":false},"featured_media":957,"template":"","meta":[],"product_brand":[],"product_cat":[216,176],"product_tag":[],"class_list":{"0":"post-4619","1":"product","2":"type-product","3":"status-publish","4":"has-post-thumbnail","6":"product_cat-manchettes-et-bracelets","7":"product_cat-tous-les-bijoux","9":"first","10":"instock","11":"sold-individually","12":"taxable","13":"shipping-taxable","14":"purchasable","15":"product-type-variable","16":"layout-style-2","17":"col-md-4 col-sm-4 col-xs-6","18":"col-lg-3","19":"product-style-quickview"},"_links":{"self":[{"href":"https:\/\/rostudio.lv\/fr\/wp-json\/wp\/v2\/product\/4619","targetHints":{"allow":["GET"]}}],"collection":[{"href":"https:\/\/rostudio.lv\/fr\/wp-json\/wp\/v2\/product"}],"about":[{"href":"https:\/\/rostudio.lv\/fr\/wp-json\/wp\/v2\/types\/product"}],"wp:featuredmedia":[{"embeddable":true,"href":"https:\/\/rostudio.lv\/fr\/wp-json\/wp\/v2\/media\/957"}],"wp:attachment":[{"href":"https:\/\/rostudio.lv\/fr\/wp-json\/wp\/v2\/media?parent=4619"}],"wp:term":[{"taxonomy":"product_brand","embeddable":true,"href":"https:\/\/rostudio.lv\/fr\/wp-json\/wp\/v2\/product_brand?post=4619"},{"taxonomy":"product_cat","embeddable":true,"href":"https:\/\/rostudio.lv\/fr\/wp-json\/wp\/v2\/product_cat?post=4619"},{"taxonomy":"product_tag","embeddable":true,"href":"https:\/\/rostudio.lv\/fr\/wp-json\/wp\/v2\/product_tag?post=4619"}],"curies":[{"name":"wp","href":"https:\/\/api.w.org\/{rel}","templated":true}]}}