{"id":4582,"date":"2021-02-09T19:46:21","date_gmt":"2021-02-09T17:46:21","guid":{"rendered":"https:\/\/rostudio.lv\/shop\/140121\/"},"modified":"2026-02-19T14:47:47","modified_gmt":"2026-02-19T12:47:47","slug":"140121","status":"publish","type":"product","link":"https:\/\/rostudio.lv\/fr\/shop\/140121\/","title":{"rendered":"140121"},"content":{"rendered":"","protected":false},"excerpt":{"rendered":"<p><span data-sheets-value=\"{\"1\":2,\"2\":\"a round ring that feels glamorous without being over-the-top ___a super slim band works to make this sparkler feel dainty on the hand.\"}\" data-sheets-userformat=\"{\"2\":4737,\"3\":{\"1\":0},\"10\":2,\"12\":0,\"15\":\"Arial\"}\">Une bague ronde \u00e0 l&rsquo;allure glamour sans \u00eatre excessive ___ une bande super fine contribue \u00e0 rendre ce bijou \u00e9tincelant d\u00e9licat sur la main.<\/span><\/p>\n","protected":false},"featured_media":4584,"template":"","meta":[],"product_brand":[],"product_cat":[184,185,176],"product_tag":[],"class_list":{"0":"post-4582","1":"product","2":"type-product","3":"status-publish","4":"has-post-thumbnail","6":"product_cat-bagues","7":"product_cat-bagues-de-fiancailles","8":"product_cat-tous-les-bijoux","10":"first","11":"instock","12":"sold-individually","13":"taxable","14":"shipping-taxable","15":"purchasable","16":"product-type-variable","17":"layout-style-2","18":"col-md-4 col-sm-4 col-xs-6","19":"col-lg-3","20":"product-style-quickview"},"_links":{"self":[{"href":"https:\/\/rostudio.lv\/fr\/wp-json\/wp\/v2\/product\/4582","targetHints":{"allow":["GET"]}}],"collection":[{"href":"https:\/\/rostudio.lv\/fr\/wp-json\/wp\/v2\/product"}],"about":[{"href":"https:\/\/rostudio.lv\/fr\/wp-json\/wp\/v2\/types\/product"}],"wp:featuredmedia":[{"embeddable":true,"href":"https:\/\/rostudio.lv\/fr\/wp-json\/wp\/v2\/media\/4584"}],"wp:attachment":[{"href":"https:\/\/rostudio.lv\/fr\/wp-json\/wp\/v2\/media?parent=4582"}],"wp:term":[{"taxonomy":"product_brand","embeddable":true,"href":"https:\/\/rostudio.lv\/fr\/wp-json\/wp\/v2\/product_brand?post=4582"},{"taxonomy":"product_cat","embeddable":true,"href":"https:\/\/rostudio.lv\/fr\/wp-json\/wp\/v2\/product_cat?post=4582"},{"taxonomy":"product_tag","embeddable":true,"href":"https:\/\/rostudio.lv\/fr\/wp-json\/wp\/v2\/product_tag?post=4582"}],"curies":[{"name":"wp","href":"https:\/\/api.w.org\/{rel}","templated":true}]}}