{"id":4551,"date":"2021-02-23T13:44:19","date_gmt":"2021-02-23T11:44:19","guid":{"rendered":"https:\/\/rostudio.lv\/shop\/110120\/"},"modified":"2026-02-25T22:41:49","modified_gmt":"2026-02-25T20:41:49","slug":"110120","status":"publish","type":"product","link":"https:\/\/rostudio.lv\/fr\/shop\/110120\/","title":{"rendered":"110120"},"content":{"rendered":"","protected":false},"excerpt":{"rendered":"<p>bague anneau en argent mat ___parfaite pour les boh\u00e8mes modernes qui pr\u00e9f\u00e8rent porter plusieurs bagues au quotidien. Simplicit\u00e9 et \u00e9l\u00e9gance dans la forme et le mat\u00e9riau. C&rsquo;est une valeur classique sur laquelle on peut compter. Portez-en une seule ou combinez plusieurs pi\u00e8ces et cr\u00e9ez votre propre \u0153uvre d&rsquo;art de bague sur vos mains.   <\/p>\n","protected":false},"featured_media":4144,"template":"","meta":[],"product_brand":[],"product_cat":[184,176],"product_tag":[],"class_list":{"0":"post-4551","1":"product","2":"type-product","3":"status-publish","4":"has-post-thumbnail","6":"product_cat-bagues","7":"product_cat-tous-les-bijoux","9":"first","10":"instock","11":"sold-individually","12":"taxable","13":"shipping-taxable","14":"purchasable","15":"product-type-variable","16":"has-default-attributes","17":"layout-style-2","18":"col-md-4 col-sm-4 col-xs-6","19":"col-lg-3","20":"product-style-quickview"},"_links":{"self":[{"href":"https:\/\/rostudio.lv\/fr\/wp-json\/wp\/v2\/product\/4551","targetHints":{"allow":["GET"]}}],"collection":[{"href":"https:\/\/rostudio.lv\/fr\/wp-json\/wp\/v2\/product"}],"about":[{"href":"https:\/\/rostudio.lv\/fr\/wp-json\/wp\/v2\/types\/product"}],"wp:featuredmedia":[{"embeddable":true,"href":"https:\/\/rostudio.lv\/fr\/wp-json\/wp\/v2\/media\/4144"}],"wp:attachment":[{"href":"https:\/\/rostudio.lv\/fr\/wp-json\/wp\/v2\/media?parent=4551"}],"wp:term":[{"taxonomy":"product_brand","embeddable":true,"href":"https:\/\/rostudio.lv\/fr\/wp-json\/wp\/v2\/product_brand?post=4551"},{"taxonomy":"product_cat","embeddable":true,"href":"https:\/\/rostudio.lv\/fr\/wp-json\/wp\/v2\/product_cat?post=4551"},{"taxonomy":"product_tag","embeddable":true,"href":"https:\/\/rostudio.lv\/fr\/wp-json\/wp\/v2\/product_tag?post=4551"}],"curies":[{"name":"wp","href":"https:\/\/api.w.org\/{rel}","templated":true}]}}