{"id":4514,"date":"2021-02-23T13:38:17","date_gmt":"2021-02-23T11:38:17","guid":{"rendered":"https:\/\/rostudio.lv\/shop\/090120\/"},"modified":"2026-02-25T22:50:48","modified_gmt":"2026-02-25T20:50:48","slug":"090120","status":"publish","type":"product","link":"https:\/\/rostudio.lv\/fr\/shop\/090120\/","title":{"rendered":"090120"},"content":{"rendered":"","protected":false},"excerpt":{"rendered":"<p><span data-sheets-value=\"{\"1\":2,\"2\":\"matte silver band ring. simplicity and elegance in form and material. it's a classic value to rely on. wear just one or combine multiple pieces and create your own special 090120 ring artwork on your hands. we call it modern classic.\"}\" data-sheets-userformat=\"{\"2\":769,\"3\":{\"1\":0},\"11\":4,\"12\":0}\">Bague anneau en argent mat. Simplicit\u00e9 et \u00e9l\u00e9gance dans la forme et le mat\u00e9riau. C&rsquo;est une valeur classique sur laquelle on peut compter. Portez-en une seule ou combinez plusieurs pi\u00e8ces et cr\u00e9ez votre propre \u0153uvre d&rsquo;art sp\u00e9ciale 090120 sur vos mains. Nous appelons cela un classique moderne.    <\/span><\/p>\n","protected":false},"featured_media":4515,"template":"","meta":[],"product_brand":[],"product_cat":[184,176],"product_tag":[],"class_list":{"0":"post-4514","1":"product","2":"type-product","3":"status-publish","4":"has-post-thumbnail","6":"product_cat-bagues","7":"product_cat-tous-les-bijoux","9":"first","10":"instock","11":"sold-individually","12":"taxable","13":"shipping-taxable","14":"purchasable","15":"product-type-variable","16":"has-default-attributes","17":"layout-style-2","18":"col-md-4 col-sm-4 col-xs-6","19":"col-lg-3","20":"product-style-quickview"},"_links":{"self":[{"href":"https:\/\/rostudio.lv\/fr\/wp-json\/wp\/v2\/product\/4514","targetHints":{"allow":["GET"]}}],"collection":[{"href":"https:\/\/rostudio.lv\/fr\/wp-json\/wp\/v2\/product"}],"about":[{"href":"https:\/\/rostudio.lv\/fr\/wp-json\/wp\/v2\/types\/product"}],"wp:featuredmedia":[{"embeddable":true,"href":"https:\/\/rostudio.lv\/fr\/wp-json\/wp\/v2\/media\/4515"}],"wp:attachment":[{"href":"https:\/\/rostudio.lv\/fr\/wp-json\/wp\/v2\/media?parent=4514"}],"wp:term":[{"taxonomy":"product_brand","embeddable":true,"href":"https:\/\/rostudio.lv\/fr\/wp-json\/wp\/v2\/product_brand?post=4514"},{"taxonomy":"product_cat","embeddable":true,"href":"https:\/\/rostudio.lv\/fr\/wp-json\/wp\/v2\/product_cat?post=4514"},{"taxonomy":"product_tag","embeddable":true,"href":"https:\/\/rostudio.lv\/fr\/wp-json\/wp\/v2\/product_tag?post=4514"}],"curies":[{"name":"wp","href":"https:\/\/api.w.org\/{rel}","templated":true}]}}