{"id":4285,"date":"2025-12-17T11:09:11","date_gmt":"2025-12-17T09:09:11","guid":{"rendered":"https:\/\/rostudio.lv\/shop\/arc-360\/"},"modified":"2025-12-17T12:07:22","modified_gmt":"2025-12-17T10:07:22","slug":"arc-360","status":"publish","type":"product","link":"https:\/\/rostudio.lv\/fr\/shop\/arc-360\/","title":{"rendered":"ARC \u2014 360"},"content":{"rendered":"","protected":false},"excerpt":{"rendered":"<p>intemporelles, architecturales, boucles d&rsquo;oreilles compl\u00e8tes en argent sterling<\/p>\n<p>sculpt\u00e9es \u00e0 la perfection, ARC \u2014 360 incarne l&rsquo;\u00e9quilibre, la pr\u00e9cision et la p\u00e9rennit\u00e9<br \/>\nles surfaces polies refl\u00e8tent la lumi\u00e8re avec une confiance tranquille, r\u00e9v\u00e9lant une forme qui n&rsquo;a besoin d&rsquo;aucun embellissement<\/p>\n<p>une expression essentielle de RO STUDIO<\/p>\n","protected":false},"featured_media":4288,"template":"","meta":[],"product_brand":[],"product_cat":[189,176],"product_tag":[],"class_list":{"0":"post-4285","1":"product","2":"type-product","3":"status-publish","4":"has-post-thumbnail","6":"product_cat-boucles-doreilles","7":"product_cat-tous-les-bijoux","9":"first","10":"instock","11":"sold-individually","12":"taxable","13":"shipping-taxable","14":"purchasable","15":"product-type-variable","16":"has-default-attributes","17":"layout-style-2","18":"col-md-4 col-sm-4 col-xs-6","19":"col-lg-3","20":"product-style-quickview"},"_links":{"self":[{"href":"https:\/\/rostudio.lv\/fr\/wp-json\/wp\/v2\/product\/4285","targetHints":{"allow":["GET"]}}],"collection":[{"href":"https:\/\/rostudio.lv\/fr\/wp-json\/wp\/v2\/product"}],"about":[{"href":"https:\/\/rostudio.lv\/fr\/wp-json\/wp\/v2\/types\/product"}],"wp:featuredmedia":[{"embeddable":true,"href":"https:\/\/rostudio.lv\/fr\/wp-json\/wp\/v2\/media\/4288"}],"wp:attachment":[{"href":"https:\/\/rostudio.lv\/fr\/wp-json\/wp\/v2\/media?parent=4285"}],"wp:term":[{"taxonomy":"product_brand","embeddable":true,"href":"https:\/\/rostudio.lv\/fr\/wp-json\/wp\/v2\/product_brand?post=4285"},{"taxonomy":"product_cat","embeddable":true,"href":"https:\/\/rostudio.lv\/fr\/wp-json\/wp\/v2\/product_cat?post=4285"},{"taxonomy":"product_tag","embeddable":true,"href":"https:\/\/rostudio.lv\/fr\/wp-json\/wp\/v2\/product_tag?post=4285"}],"curies":[{"name":"wp","href":"https:\/\/api.w.org\/{rel}","templated":true}]}}