{"id":4274,"date":"2025-09-04T11:53:52","date_gmt":"2025-09-04T09:53:52","guid":{"rendered":"https:\/\/rostudio.lv\/shop\/booblik\/"},"modified":"2026-04-02T15:57:57","modified_gmt":"2026-04-02T13:57:57","slug":"booblik","status":"publish","type":"product","link":"https:\/\/rostudio.lv\/fr\/shop\/booblik\/","title":{"rendered":"BOOBLIK"},"content":{"rendered":"","protected":false},"excerpt":{"rendered":"<p>bague lourde en argent sterling<\/p>\n<p>___inspir\u00e9e des petits pains d\u2019Europe de l\u2019Est \u2014 son design sculptural reproduit la texture riche et les courbes d\u2019une p\u00e2te fra\u00eechement cuite, cr\u00e9ant une pi\u00e8ce forte, intemporelle et contemporaine<\/p>\n","protected":false},"featured_media":4275,"template":"","meta":[],"product_brand":[],"product_cat":[184,176],"product_tag":[],"class_list":{"0":"post-4274","1":"product","2":"type-product","3":"status-publish","4":"has-post-thumbnail","6":"product_cat-bagues","7":"product_cat-tous-les-bijoux","9":"first","10":"instock","11":"sold-individually","12":"taxable","13":"shipping-taxable","14":"purchasable","15":"product-type-variable","16":"layout-style-2","17":"col-md-4 col-sm-4 col-xs-6","18":"col-lg-3","19":"product-style-quickview"},"_links":{"self":[{"href":"https:\/\/rostudio.lv\/fr\/wp-json\/wp\/v2\/product\/4274","targetHints":{"allow":["GET"]}}],"collection":[{"href":"https:\/\/rostudio.lv\/fr\/wp-json\/wp\/v2\/product"}],"about":[{"href":"https:\/\/rostudio.lv\/fr\/wp-json\/wp\/v2\/types\/product"}],"wp:featuredmedia":[{"embeddable":true,"href":"https:\/\/rostudio.lv\/fr\/wp-json\/wp\/v2\/media\/4275"}],"wp:attachment":[{"href":"https:\/\/rostudio.lv\/fr\/wp-json\/wp\/v2\/media?parent=4274"}],"wp:term":[{"taxonomy":"product_brand","embeddable":true,"href":"https:\/\/rostudio.lv\/fr\/wp-json\/wp\/v2\/product_brand?post=4274"},{"taxonomy":"product_cat","embeddable":true,"href":"https:\/\/rostudio.lv\/fr\/wp-json\/wp\/v2\/product_cat?post=4274"},{"taxonomy":"product_tag","embeddable":true,"href":"https:\/\/rostudio.lv\/fr\/wp-json\/wp\/v2\/product_tag?post=4274"}],"curies":[{"name":"wp","href":"https:\/\/api.w.org\/{rel}","templated":true}]}}