{"id":4254,"date":"2025-03-28T15:58:09","date_gmt":"2025-03-28T13:58:09","guid":{"rendered":"https:\/\/rostudio.lv\/shop\/booblik01\/"},"modified":"2025-03-28T15:58:09","modified_gmt":"2025-03-28T13:58:09","slug":"booblik01","status":"publish","type":"product","link":"https:\/\/rostudio.lv\/fr\/shop\/booblik01\/","title":{"rendered":"BOOBLIK+01"},"content":{"rendered":"","protected":false},"excerpt":{"rendered":"<p>une fusion audacieuse de tradition et d&rsquo;\u00e9l\u00e9gance.<br \/>\nCette bague massive en argent sterling s&rsquo;inspire des brioches d&rsquo;Europe de l&rsquo;Est. Sa conception sculpturale imite la texture riche et les courbes de la p\u00e2te fra\u00eechement cuite, cr\u00e9ant une pi\u00e8ce intemporelle et contemporaine.<br \/>\nAu c\u0153ur de la bague, une pierre de moissanite \u00e9blouissante ajoute une touche d&rsquo;\u00e9clat et de sophistication, contrastant magnifiquement avec l&rsquo;argent lisse et poli.<\/p>\n","protected":false},"featured_media":3460,"template":"","meta":[],"product_brand":[],"product_cat":[184,185,176],"product_tag":[],"class_list":{"0":"post-4254","1":"product","2":"type-product","3":"status-publish","4":"has-post-thumbnail","6":"product_cat-bagues","7":"product_cat-bagues-de-fiancailles","8":"product_cat-tous-les-bijoux","10":"first","11":"instock","12":"featured","13":"sold-individually","14":"taxable","15":"shipping-taxable","16":"purchasable","17":"product-type-variable","18":"new","19":"layout-style-2","20":"col-md-4 col-sm-4 col-xs-6","21":"col-lg-3","22":"product-style-quickview"},"_links":{"self":[{"href":"https:\/\/rostudio.lv\/fr\/wp-json\/wp\/v2\/product\/4254","targetHints":{"allow":["GET"]}}],"collection":[{"href":"https:\/\/rostudio.lv\/fr\/wp-json\/wp\/v2\/product"}],"about":[{"href":"https:\/\/rostudio.lv\/fr\/wp-json\/wp\/v2\/types\/product"}],"wp:featuredmedia":[{"embeddable":true,"href":"https:\/\/rostudio.lv\/fr\/wp-json\/wp\/v2\/media\/3460"}],"wp:attachment":[{"href":"https:\/\/rostudio.lv\/fr\/wp-json\/wp\/v2\/media?parent=4254"}],"wp:term":[{"taxonomy":"product_brand","embeddable":true,"href":"https:\/\/rostudio.lv\/fr\/wp-json\/wp\/v2\/product_brand?post=4254"},{"taxonomy":"product_cat","embeddable":true,"href":"https:\/\/rostudio.lv\/fr\/wp-json\/wp\/v2\/product_cat?post=4254"},{"taxonomy":"product_tag","embeddable":true,"href":"https:\/\/rostudio.lv\/fr\/wp-json\/wp\/v2\/product_tag?post=4254"}],"curies":[{"name":"wp","href":"https:\/\/api.w.org\/{rel}","templated":true}]}}