{"id":5655,"date":"2020-11-08T13:33:42","date_gmt":"2020-11-08T11:33:42","guid":{"rendered":"https:\/\/rostudio.lv\/conseils-dentretien\/"},"modified":"2025-12-21T03:26:19","modified_gmt":"2025-12-21T01:26:19","slug":"conseils-dentretien","status":"publish","type":"page","link":"https:\/\/rostudio.lv\/fr\/conseils-dentretien\/","title":{"rendered":"conseils d&rsquo;entretien"},"content":{"rendered":"<div class=\"wpb-content-wrapper\"><p>[vc_row full_width=\u00a0\u00bbstretch_row\u00a0\u00bb parallax=\u00a0\u00bbcontent-moving\u00a0\u00bb css=\u00a0\u00bb.vc_custom_1604829578990{padding-top: 70px !important;padding-bottom: 70px !important;}\u00a0\u00bb][vc_column offset=\u00a0\u00bbvc_col-lg-12 vc_col-md-12&Prime;][vc_column_text css=\u00a0\u00bb.vc_custom_1604835111770{margin-bottom: 15px !important;}\u00a0\u00bb]<strong>___recommandations d\u2019entretien<\/strong><\/p>\n<p>&nbsp;<\/p>\n<p>Un entretien r\u00e9gulier est indispensable si vous voulez que vos bijoux conservent leur \u00e9clat.<\/p>\n<p>les produits chimiques puissants, le soufre, la sueur et la transpiration, le chlore et la forte lumi\u00e8re du soleil peuvent ternir et corroder l\u2019\u00e9clat de vos bijoux pr\u00e9f\u00e9r\u00e9s. Veuillez donc en prendre soin afin d\u2019\u00e9viter tout d\u00e9sagr\u00e9ment. <\/p>\n<p>il est pr\u00e9f\u00e9rable de retirer vos bijoux lors des activit\u00e9s suivantes<\/p>\n<p>&nbsp;<\/p>\n<p>___les t\u00e2ches m\u00e9nag\u00e8res, comme la vaisselle, la lessive et l\u2019utilisation de produits de nettoyage<\/p>\n<p>___lorsque vous faites de l\u2019exercice, \u00e0 la salle de sport ou lorsque vous pratiquez des sports de contact<\/p>\n<p>___lorsque vous prenez une douche ou un bain<\/p>\n<p>___natation, bains \u00e0 remous ou saunas<\/p>\n<p>___les endroits tr\u00e8s chauds<\/p>\n<p>___lorsque vous mettez de la lotion, du maquillage, des produits capillaires, etc.<\/p>\n<p>___lors de la pr\u00e9paration, de la cuisson ou de la consommation d\u2019aliments contenant du soufre<\/p>\n<p>___t\u00e2ches ou corv\u00e9es ext\u00e9rieures, comme le jardinage<\/p>\n<p>n\u2019oubliez pas qu\u2019un entretien pr\u00e9ventif est toujours plus facile qu\u2019un entretien curatif&nbsp;!<\/p>\n<p>utilisez un simple chiffon en microfibre ou un chiffon sp\u00e9cial pour bijoux pour nettoyer vos articles. \u00c9vitez d\u2019utiliser des essuie-tout ou du papier toilette.[\/vc_column_text][\/vc_column][\/vc_row][vc_row][vc_column width=\u00a0\u00bb1\/2&Prime;][vc_empty_space height=\u00a0\u00bb65px\u00a0\u00bb]<div class=\"sober-banner4 horizontal-align-left vertical-align-top light-scheme  \">\n\t\t\t\t<img decoding=\"async\" class=\"\" src=\"https:\/\/rostudio.lv\/wp-content\/uploads\/2020\/11\/ro_110516_3-600x400.jpg\" width=\"600\" height=\"400\" alt=\"rostudio 110516\" title=\"ro_110516_3\" loading=\"lazy\" \/>\n\t\t\t\t<div class=\"banner-content\">\n\t\t\t\t\t<span class=\"banner-text\"><h2>r\u00e9parations | changement<\/h2>\n<\/span>\n\t\t\t\t\t<span class=\"sober-button line-hover active button-color-light\">de la taille<\/span>\n\t\t\t\t<\/div>\n\t\t\t\t<a href=\"https:\/\/rostudio.lv\/fr\/changement-de-taille-reparations\/\" target=\"\" rel=\"\" title=\"change of size | repairs\">Voir les d\u00e9tails<\/a>\n\t\t\t<\/div>[vc_empty_space height=\u00a0\u00bb75px\u00a0\u00bb][\/vc_column][vc_column width=\u00a0\u00bb1\/2&Prime;][vc_empty_space height=\u00a0\u00bb65px\u00a0\u00bb]<div class=\"sober-banner4 horizontal-align-left vertical-align-top light-scheme  \">\n\t\t\t\t<img decoding=\"async\" class=\"\" src=\"https:\/\/rostudio.lv\/wp-content\/uploads\/2020\/11\/ro_101130_3-600x400.jpg\" width=\"600\" height=\"400\" alt=\"rostudio 101130\" title=\"ro_101130_3\" loading=\"lazy\" \/>\n\t\t\t\t<div class=\"banner-content\">\n\t\t\t\t\t<span class=\"banner-text\"><h2>guide des tailles<\/h2>\n<\/span>\n\t\t\t\t\t<span class=\"sober-button line-hover active button-color-light\">comment conna\u00eetre votre taille<\/span>\n\t\t\t\t<\/div>\n\t\t\t\t<a href=\"https:\/\/rostudio.lv\/fr\/guide-des-tailles\/\" target=\"\" rel=\"\" title=\"Size guide\">Voir les d\u00e9tails<\/a>\n\t\t\t<\/div>[vc_empty_space height=\u00a0\u00bb75px\u00a0\u00bb][\/vc_column][\/vc_row]<\/p>\n<\/div>","protected":false},"excerpt":{"rendered":"<p>[vc_row full_width=\u00a0\u00bbstretch_row\u00a0\u00bb parallax=\u00a0\u00bbcontent-moving\u00a0\u00bb css=\u00a0\u00bb.vc_custom_1604829578990{padding-top: 70px !important;padding-bottom: 70px !important;}\u00a0\u00bb][vc_column offset=\u00a0\u00bbvc_col-lg-12 vc_col-md-12&Prime;][vc_column_text css=\u00a0\u00bb.vc_custom_1604835111770{margin-bottom: 15px !important;}\u00a0\u00bb]___recommandations d\u2019entretien &nbsp; Un entretien r\u00e9gulier est indispensable si vous voulez que vos bijoux conservent leur \u00e9clat. les produits chimiques puissants, le soufre, la sueur et la transpiration, le chlore et la forte lumi\u00e8re du soleil peuvent ternir&hellip;<\/p>\n","protected":false},"author":1,"featured_media":0,"parent":0,"menu_order":0,"comment_status":"closed","ping_status":"closed","template":"","meta":{"footnotes":""},"class_list":["post-5655","page","type-page","status-publish","hentry"],"_links":{"self":[{"href":"https:\/\/rostudio.lv\/fr\/wp-json\/wp\/v2\/pages\/5655","targetHints":{"allow":["GET"]}}],"collection":[{"href":"https:\/\/rostudio.lv\/fr\/wp-json\/wp\/v2\/pages"}],"about":[{"href":"https:\/\/rostudio.lv\/fr\/wp-json\/wp\/v2\/types\/page"}],"author":[{"embeddable":true,"href":"https:\/\/rostudio.lv\/fr\/wp-json\/wp\/v2\/users\/1"}],"replies":[{"embeddable":true,"href":"https:\/\/rostudio.lv\/fr\/wp-json\/wp\/v2\/comments?post=5655"}],"version-history":[{"count":4,"href":"https:\/\/rostudio.lv\/fr\/wp-json\/wp\/v2\/pages\/5655\/revisions"}],"predecessor-version":[{"id":5690,"href":"https:\/\/rostudio.lv\/fr\/wp-json\/wp\/v2\/pages\/5655\/revisions\/5690"}],"wp:attachment":[{"href":"https:\/\/rostudio.lv\/fr\/wp-json\/wp\/v2\/media?parent=5655"}],"curies":[{"name":"wp","href":"https:\/\/api.w.org\/{rel}","templated":true}]}}