{"id":4377,"date":"2020-11-08T13:36:38","date_gmt":"2020-11-08T11:36:38","guid":{"rendered":"https:\/\/rostudio.lv\/changement-de-taille-reparations\/"},"modified":"2025-12-21T02:10:38","modified_gmt":"2025-12-21T00:10:38","slug":"changement-de-taille-reparations","status":"publish","type":"page","link":"https:\/\/rostudio.lv\/fr\/changement-de-taille-reparations\/","title":{"rendered":"changement de taille | r\u00e9parations"},"content":{"rendered":"<div class=\"wpb-content-wrapper\"><p>[vc_row full_width=\u00a0\u00bbstretch_row\u00a0\u00bb parallax=\u00a0\u00bbcontent-moving\u00a0\u00bb css=\u00a0\u00bb.vc_custom_1604829578990{padding-top: 70px !important;padding-bottom: 70px !important;}\u00a0\u00bb][vc_column offset=\u00a0\u00bbvc_col-lg-12 vc_col-md-12&Prime;][vc_column_text css=\u00a0\u00bb.vc_custom_1622621763411{margin-bottom: 15px !important;}\u00a0\u00bb]<strong>___changement de taille<\/strong><\/p>\n<p>Si vous souhaitez modifier la taille de votre bague, nous serons ravis de proc\u00e9der \u00e0 un changement de taille unique pour les articles non port\u00e9s, non modifi\u00e9s et non sold\u00e9s qui sont retourn\u00e9s dans un d\u00e9lai de 14 jours \u00e0 compter de la r\u00e9ception de votre commande. Veuillez noter que nous n&rsquo;\u00e9changerons pas les commandes sur mesure, les alliances, les pi\u00e8ces avec gravure et les bijoux qui ont \u00e9t\u00e9 port\u00e9s ou qui pr\u00e9sentent des signes \u00e9vidents d&rsquo;usure. De plus, le remboursement des taxes, des droits de douane et de tous les frais suppl\u00e9mentaires pouvant survenir pour cette proc\u00e9dure sera \u00e0 votre charge.<\/p>\n<p>Le changement de taille peut prendre de 1 \u00e0 3 semaines.<\/p>\n<p>&nbsp;<\/p>\n<p><strong>___r\u00e9parations<\/strong><\/p>\n<p>Si votre bijou RO STUDIO n\u00e9cessite une r\u00e9paration, veuillez nous contacter par e-mail \u00e0 l&rsquo;adresse <a href=\"mailto:info@rostudio.lv\">info@rostudio.lv<\/a> afin que nous puissions prendre connaissance de toutes les informations relatives \u00e0 cette affaire et \u00e0 vos souhaits.<\/p>\n<p>Si possible, veuillez envoyer des photos du bijou \u00e0 r\u00e9parer ou simplement visiter notre studio afin que nous puissions jeter un coup d&rsquo;\u0153il et discuter des prochaines \u00e9tapes.<\/p>\n<p>Vous devez tenir compte du fait que les frais d&rsquo;exp\u00e9dition sont \u00e0 la charge du client.<\/p>\n<p>Les r\u00e9parations peuvent prendre de 1 \u00e0 3 semaines.[\/vc_column_text][\/vc_column][\/vc_row][vc_row][vc_column width=\u00a0\u00bb1\/2&Prime;][vc_empty_space height=\u00a0\u00bb65px\u00a0\u00bb]<div class=\"sober-banner4 horizontal-align-left vertical-align-top light-scheme  \">\n\t\t\t\t<img decoding=\"async\" class=\"\" src=\"https:\/\/rostudio.lv\/wp-content\/uploads\/2020\/11\/ro_110516_3-600x400.jpg\" width=\"600\" height=\"400\" alt=\"rostudio 110516\" title=\"ro_110516_3\" loading=\"lazy\" \/>\n\t\t\t\t<div class=\"banner-content\">\n\t\t\t\t\t<span class=\"banner-text\"><h2>Livraison | Retours<\/h2>\n<\/span>\n\t\t\t\t\t<span class=\"sober-button line-hover active button-color-light\">et remboursements<\/span>\n\t\t\t\t<\/div>\n\t\t\t\t<a href=\"https:\/\/rostudio.lv\/delivery-returns\/\" target=\"\" rel=\"\" title=\"livraison | retours | remboursements\">Voir les d\u00e9tails<\/a>\n\t\t\t<\/div>[vc_empty_space height=\u00a0\u00bb75px\u00a0\u00bb][\/vc_column][vc_column width=\u00a0\u00bb1\/2&Prime;][vc_empty_space height=\u00a0\u00bb65px\u00a0\u00bb]<div class=\"sober-banner4 horizontal-align-left vertical-align-top light-scheme  \">\n\t\t\t\t<img decoding=\"async\" class=\"\" src=\"https:\/\/rostudio.lv\/wp-content\/uploads\/2020\/11\/ro_110920_3-600x400.jpg\" width=\"600\" height=\"400\" alt=\"rostudio 110920\" title=\"ro_110920_3\" loading=\"lazy\" \/>\n\t\t\t\t<div class=\"banner-content\">\n\t\t\t\t\t<span class=\"banner-text\"><h2>guide des tailles<\/h2>\n<\/span>\n\t\t\t\t\t<span class=\"sober-button line-hover active button-color-light\">comment conna\u00eetre votre taille<\/span>\n\t\t\t\t<\/div>\n\t\t\t\t<a href=\"https:\/\/rostudio.lv\/fr\/guide-des-tailles\/\" target=\"\" rel=\"\" title=\"Guide des tailles\">Voir les d\u00e9tails<\/a>\n\t\t\t<\/div>[vc_empty_space height=\u00a0\u00bb75px\u00a0\u00bb][\/vc_column][\/vc_row]<\/p>\n<\/div>","protected":false},"excerpt":{"rendered":"<p>[vc_row full_width=\u00a0\u00bbstretch_row\u00a0\u00bb parallax=\u00a0\u00bbcontent-moving\u00a0\u00bb css=\u00a0\u00bb.vc_custom_1604829578990{padding-top: 70px !important;padding-bottom: 70px !important;}\u00a0\u00bb][vc_column offset=\u00a0\u00bbvc_col-lg-12 vc_col-md-12&Prime;][vc_column_text css=\u00a0\u00bb.vc_custom_1622621763411{margin-bottom: 15px !important;}\u00a0\u00bb]___changement de taille Si vous souhaitez modifier la taille de votre bague, nous serons ravis de proc\u00e9der \u00e0 un changement de taille unique pour les articles non port\u00e9s, non modifi\u00e9s et non sold\u00e9s qui sont retourn\u00e9s dans un&hellip;<\/p>\n","protected":false},"author":1,"featured_media":0,"parent":0,"menu_order":0,"comment_status":"closed","ping_status":"closed","template":"","meta":{"footnotes":""},"class_list":["post-4377","page","type-page","status-publish","hentry"],"_links":{"self":[{"href":"https:\/\/rostudio.lv\/fr\/wp-json\/wp\/v2\/pages\/4377","targetHints":{"allow":["GET"]}}],"collection":[{"href":"https:\/\/rostudio.lv\/fr\/wp-json\/wp\/v2\/pages"}],"about":[{"href":"https:\/\/rostudio.lv\/fr\/wp-json\/wp\/v2\/types\/page"}],"author":[{"embeddable":true,"href":"https:\/\/rostudio.lv\/fr\/wp-json\/wp\/v2\/users\/1"}],"replies":[{"embeddable":true,"href":"https:\/\/rostudio.lv\/fr\/wp-json\/wp\/v2\/comments?post=4377"}],"version-history":[{"count":5,"href":"https:\/\/rostudio.lv\/fr\/wp-json\/wp\/v2\/pages\/4377\/revisions"}],"predecessor-version":[{"id":4406,"href":"https:\/\/rostudio.lv\/fr\/wp-json\/wp\/v2\/pages\/4377\/revisions\/4406"}],"wp:attachment":[{"href":"https:\/\/rostudio.lv\/fr\/wp-json\/wp\/v2\/media?parent=4377"}],"curies":[{"name":"wp","href":"https:\/\/api.w.org\/{rel}","templated":true}]}}