{"id":4331,"date":"2017-06-07T14:30:24","date_gmt":"2017-06-07T12:30:24","guid":{"rendered":"https:\/\/rostudio.lv\/nous\/"},"modified":"2026-04-01T12:25:55","modified_gmt":"2026-04-01T10:25:55","slug":"nous","status":"publish","type":"page","link":"https:\/\/rostudio.lv\/fr\/nous\/","title":{"rendered":"nous"},"content":{"rendered":"<div class=\"wpb-content-wrapper\"><p>[vc_row full_width=\u00a0\u00bbstretch_row_content_no_spaces\u00a0\u00bb full_height=\u00a0\u00bbyes\u00a0\u00bb columns_placement=\u00a0\u00bbbottom\u00a0\u00bb content_placement=\u00a0\u00bbbottom\u00a0\u00bb css_animation=\u00a0\u00bbfadeIn\u00a0\u00bb el_class=\u00a0\u00bbtext-light\u00a0\u00bb css=\u00a0\u00bb.vc_custom_1742392472139{background-image: url(https:\/\/rostudio.lv\/wp-content\/uploads\/2025\/03\/RO-photoshoot-509-of-804-scaled.jpg?id=3350) !important;background-position: center !important;background-repeat: no-repeat !important;background-size: cover !important;}\u00a0\u00bb][vc_column][\/vc_column][\/vc_row][vc_row css=\u00a0\u00bb.vc_custom_1775038177137{margin-top: 50px !important;}\u00a0\u00bb][vc_column][vc_column_text css=\u00a0\u00bb\u00a0\u00bb]<span style=\"font-weight: 300;\">Inspir\u00e9 par le rythme effr\u00e9n\u00e9 du monde, RO STUDIO est n\u00e9 de l&rsquo;union cr\u00e9ative de Ter\u0113ze et Roberts ___un couple marchant main dans la main \u00e0 travers la vie et les affaires. leur histoire a commenc\u00e9 avec l&rsquo;amour de Roberts pour la cr\u00e9ation de bijoux pour Ter\u0113ze, dont la vision a transform\u00e9 ces cr\u00e9ations en fondation d&rsquo;une marque de bijoux internationale. <\/span><\/p>\n<p><span style=\"font-weight: 300;\">Chez RO STUDIO, la durabilit\u00e9 et la polyvalence sont au c\u0153ur de chaque cr\u00e9ation ___la marque allie \u00e9l\u00e9gance intemporelle et minimalisme audacieux, pr\u00e9sentant des lignes \u00e9pur\u00e9es, des formes sculpturales et des contrastes de mat\u00e9riaux saisissants. Chaque pi\u00e8ce est fa\u00e7onn\u00e9e \u00e0 la main en argent ou en or, orn\u00e9e de pierres naturelles et de gemmes, garantissant l&rsquo;authenticit\u00e9 dans chaque d\u00e9tail. <\/span><\/p>\n<p><span style=\"font-weight: 300;\">Des croquis initiaux aux finitions, chaque \u00e9tape de la production est r\u00e9alis\u00e9e par Ter\u0113ze, Roberts &amp; leur \u00e9quipe. Roberts dirige le processus de production, tandis que Ter\u0113ze fa\u00e7onne la vision artistique, faisant de RO STUDIO une fusion harmonieuse entre artisanat et cr\u00e9ativit\u00e9. <\/span><\/p>\n<p><span style=\"font-weight: 300;\">Chaque pi\u00e8ce est soigneusement fabriqu\u00e9e \u00e0 la main dans l&rsquo;atelier RO STUDIO, int\u00e9gr\u00e9 au magasin phare de Riga, en Lettonie \u2014 un espace o\u00f9 l&rsquo;art et le savoir-faire prennent vie.<\/span>[\/vc_column_text][\/vc_column][\/vc_row][vc_row][vc_column][vc_column_text css=\u00a0\u00bb.vc_custom_1770586455977{margin-top: 20px !important;margin-bottom: 20px !important;}\u00a0\u00bb]<\/p>\n<h2 style=\"text-align: center;\"><span style=\"color: #000000;\">Bien s\u00fbr, nous faisons de la magie !<\/span><\/h2>\n<p>[\/vc_column_text][\/vc_column][\/vc_row][vc_row full_width=\u00a0\u00bbstretch_row_content\u00a0\u00bb css=\u00a0\u00bb.vc_custom_1775038831244{margin-bottom: 20px !important;}\u00a0\u00bb][vc_column]<div class=\"sober-product-grid sober-products sober-product-grid sober-products\"><div class=\"woocommerce columns-6 \"><ul class=\"products columns-6\">\n<li class=\"layout-style-2 col-md-4 col-sm-4 col-xs-6 col-lg-2 product-style-quickview product type-product post-4285 status-publish first instock product_cat-boucles-doreilles product_cat-tous-les-bijoux has-post-thumbnail sold-individually taxable shipping-taxable purchasable product-type-variable has-default-attributes\">\n\t<div class=\"product-header\"><a href=\"https:\/\/rostudio.lv\/fr\/shop\/arc-360\/\" class=\"woocommerce-LoopProduct-link woocommerce-loop-product__link\"><img loading=\"lazy\" decoding=\"async\" width=\"433\" height=\"516\" src=\"https:\/\/rostudio.lv\/wp-content\/uploads\/2025\/12\/ARC-360-earrings-2-433x516.jpg\" class=\"attachment-woocommerce_thumbnail size-woocommerce_thumbnail\" alt=\"Boucles d&#039;oreilles ARC \u2014 360 en argent sterling\" \/><\/a>\n\t\t\n\t\t\t<div class=\"buttons-icon\">\n\t\t\t\t<a href=\"\/fr\/wp-json\/wp\/v2\/pages\/4331?add_to_wishlist=4285\" data-product_id=\"4285\" data-product_type=\"variable\" class=\"button add-to-wishlist-button add-to-wishlist-4285 \" rel=\"nofollow\">\n\t\t\t<svg role=\"img\" viewBox=\"0 0 20 20\" width=\"20\" height=\"20\" class=\"like\" > <use href=\"#heart-wishlist-like\" xlink:href=\"#heart-wishlist-like\"><\/use> <\/svg><svg role=\"img\" viewBox=\"0 0 20 20\" width=\"20\" height=\"20\" class=\"liked\" > <use href=\"#heart-wishlist-liked\" xlink:href=\"#heart-wishlist-liked\"><\/use> <\/svg>\n\t\t\t<span class=\"indent-text\">Ajouter \u00e0 la liste de souhaits<\/span>\n\t\t<\/a>\t\t\t<\/div>\n\n\t\t\n\t\t\n\t\t\t<div class=\"buttons\">\n\t\t\t\t<a href=\"https:\/\/rostudio.lv\/fr\/shop\/arc-360\/\" data-quantity=\"1\" class=\"button product_type_variable add_to_cart_button sober-loop-atc-button\" data-product_id=\"4285\" data-product_sku=\"ARC\u2014360\" aria-label=\"S\u00e9lectionner les options pour &ldquo;ARC \u2014 360&rdquo;\" rel=\"nofollow\">\n\t\t\t\t<svg role=\"img\" viewBox=\"0 0 20 20\" width=\"20\" height=\"20\" > <use href=\"#basket-addtocart\" xlink:href=\"#basket-addtocart\"><\/use> <\/svg>\n\t\t\t\t<span class=\"screen-reader-text\">Choix des options<\/span>\n\t\t\t<\/a>\t<span id=\"woocommerce_loop_add_to_cart_link_describedby_4285\" class=\"screen-reader-text\">\n\t\tCe produit a plusieurs variantes. Les options peuvent \u00eatre choisies sur la page du produit \t<\/span>\n<a href=\"https:\/\/rostudio.lv\/fr\/shop\/arc-360\/\" class=\"quick_view_button button\" data-product_id=\"4285\"><svg role=\"img\" viewBox=\"0 0 20 20\" width=\"20\" height=\"20\" > <use href=\"#quickview-eye\" xlink:href=\"#quickview-eye\"><\/use> <\/svg><\/a>\t\t\t<\/div>\n\n\t\t\n\t\t<\/div>\n\t\t<h3 class=\"woocommerce-loop-product__title\"><a href=\"https:\/\/rostudio.lv\/fr\/shop\/arc-360\/\">ARC \u2014 360<\/a><\/h3>\n\n\t\t\n\n\t\n\t\t<span class=\"price\"><span class=\"wcpbc-price wcpbc-price-4285\" data-product-id=\"4285\"><span class=\"woocommerce-Price-amount amount\"><span class=\"woocommerce-Price-currencySymbol\">&euro;<\/span>250,00<\/span><\/span><\/span>\n\n\t\n<\/li>\n<li class=\"layout-style-2 col-md-4 col-sm-4 col-xs-6 col-lg-2 product-style-quickview product type-product post-5700 status-publish instock product_cat-bagues product_cat-tous-les-bijoux has-post-thumbnail sold-individually taxable shipping-taxable purchasable product-type-variable has-default-attributes\">\n\t<div class=\"product-header\"><a href=\"https:\/\/rostudio.lv\/fr\/shop\/131124\/\" class=\"woocommerce-LoopProduct-link woocommerce-loop-product__link\"><img loading=\"lazy\" decoding=\"async\" width=\"433\" height=\"516\" src=\"https:\/\/rostudio.lv\/wp-content\/uploads\/2025\/10\/45_mm_sirds-433x516.jpg\" class=\"attachment-woocommerce_thumbnail size-woocommerce_thumbnail\" alt=\"131124\" srcset=\"https:\/\/rostudio.lv\/wp-content\/uploads\/2025\/10\/45_mm_sirds-433x516.jpg 433w, https:\/\/rostudio.lv\/wp-content\/uploads\/2025\/10\/45_mm_sirds-9x12.jpg 9w\" sizes=\"auto, (max-width: 433px) 100vw, 433px\" \/><\/a>\n\t\t\n\t\t\t<div class=\"buttons-icon\">\n\t\t\t\t<a href=\"\/fr\/wp-json\/wp\/v2\/pages\/4331?add_to_wishlist=5700\" data-product_id=\"5700\" data-product_type=\"variable\" class=\"button add-to-wishlist-button add-to-wishlist-5700 \" rel=\"nofollow\">\n\t\t\t<svg role=\"img\" viewBox=\"0 0 20 20\" width=\"20\" height=\"20\" class=\"like\" > <use href=\"#heart-wishlist-like\" xlink:href=\"#heart-wishlist-like\"><\/use> <\/svg><svg role=\"img\" viewBox=\"0 0 20 20\" width=\"20\" height=\"20\" class=\"liked\" > <use href=\"#heart-wishlist-liked\" xlink:href=\"#heart-wishlist-liked\"><\/use> <\/svg>\n\t\t\t<span class=\"indent-text\">Ajouter \u00e0 la liste de souhaits<\/span>\n\t\t<\/a>\t\t\t<\/div>\n\n\t\t\n\t\t\n\t\t\t<div class=\"buttons\">\n\t\t\t\t<a href=\"https:\/\/rostudio.lv\/fr\/shop\/131124\/\" data-quantity=\"1\" class=\"button product_type_variable add_to_cart_button sober-loop-atc-button\" data-product_id=\"5700\" data-product_sku=\"131124\" aria-label=\"S\u00e9lectionner les options pour &ldquo;131124&rdquo;\" rel=\"nofollow\">\n\t\t\t\t<svg role=\"img\" viewBox=\"0 0 20 20\" width=\"20\" height=\"20\" > <use href=\"#basket-addtocart\" xlink:href=\"#basket-addtocart\"><\/use> <\/svg>\n\t\t\t\t<span class=\"screen-reader-text\">Choix des options<\/span>\n\t\t\t<\/a>\t<span id=\"woocommerce_loop_add_to_cart_link_describedby_5700\" class=\"screen-reader-text\">\n\t\tCe produit a plusieurs variantes. Les options peuvent \u00eatre choisies sur la page du produit \t<\/span>\n<a href=\"https:\/\/rostudio.lv\/fr\/shop\/131124\/\" class=\"quick_view_button button\" data-product_id=\"5700\"><svg role=\"img\" viewBox=\"0 0 20 20\" width=\"20\" height=\"20\" > <use href=\"#quickview-eye\" xlink:href=\"#quickview-eye\"><\/use> <\/svg><\/a>\t\t\t<\/div>\n\n\t\t\n\t\t<\/div>\n\t\t<h3 class=\"woocommerce-loop-product__title\"><a href=\"https:\/\/rostudio.lv\/fr\/shop\/131124\/\">131124<\/a><\/h3>\n\n\t\t\n\n\t\n\t\t<span class=\"price\"><span class=\"wcpbc-price wcpbc-price-5700\" data-product-id=\"5700\"><span class=\"woocommerce-Price-amount amount\"><span class=\"woocommerce-Price-currencySymbol\">&euro;<\/span>520,00<\/span><\/span><\/span>\n\n\t\n<\/li>\n<li class=\"layout-style-2 col-md-4 col-sm-4 col-xs-6 col-lg-2 product-style-quickview product type-product post-5931 status-publish instock product_cat-bagues product_cat-tous-les-bijoux has-post-thumbnail sold-individually taxable shipping-taxable purchasable product-type-variable has-default-attributes\">\n\t<div class=\"product-header\"><a href=\"https:\/\/rostudio.lv\/fr\/shop\/221022\/\" class=\"woocommerce-LoopProduct-link woocommerce-loop-product__link\"><img loading=\"lazy\" decoding=\"async\" width=\"433\" height=\"516\" src=\"https:\/\/rostudio.lv\/wp-content\/uploads\/2025\/10\/chess-433x516.jpg\" class=\"attachment-woocommerce_thumbnail size-woocommerce_thumbnail\" alt=\"221022\" srcset=\"https:\/\/rostudio.lv\/wp-content\/uploads\/2025\/10\/chess-433x516.jpg 433w, https:\/\/rostudio.lv\/wp-content\/uploads\/2025\/10\/chess-9x12.jpg 9w\" sizes=\"auto, (max-width: 433px) 100vw, 433px\" \/><\/a>\n\t\t\n\t\t\t<div class=\"buttons-icon\">\n\t\t\t\t<a href=\"\/fr\/wp-json\/wp\/v2\/pages\/4331?add_to_wishlist=5931\" data-product_id=\"5931\" data-product_type=\"variable\" class=\"button add-to-wishlist-button add-to-wishlist-5931 \" rel=\"nofollow\">\n\t\t\t<svg role=\"img\" viewBox=\"0 0 20 20\" width=\"20\" height=\"20\" class=\"like\" > <use href=\"#heart-wishlist-like\" xlink:href=\"#heart-wishlist-like\"><\/use> <\/svg><svg role=\"img\" viewBox=\"0 0 20 20\" width=\"20\" height=\"20\" class=\"liked\" > <use href=\"#heart-wishlist-liked\" xlink:href=\"#heart-wishlist-liked\"><\/use> <\/svg>\n\t\t\t<span class=\"indent-text\">Ajouter \u00e0 la liste de souhaits<\/span>\n\t\t<\/a>\t\t\t<\/div>\n\n\t\t\n\t\t\n\t\t\t<div class=\"buttons\">\n\t\t\t\t<a href=\"https:\/\/rostudio.lv\/fr\/shop\/221022\/\" data-quantity=\"1\" class=\"button product_type_variable add_to_cart_button sober-loop-atc-button\" data-product_id=\"5931\" data-product_sku=\"221022\" aria-label=\"S\u00e9lectionner les options pour &ldquo;221022&rdquo;\" rel=\"nofollow\">\n\t\t\t\t<svg role=\"img\" viewBox=\"0 0 20 20\" width=\"20\" height=\"20\" > <use href=\"#basket-addtocart\" xlink:href=\"#basket-addtocart\"><\/use> <\/svg>\n\t\t\t\t<span class=\"screen-reader-text\">Choix des options<\/span>\n\t\t\t<\/a>\t<span id=\"woocommerce_loop_add_to_cart_link_describedby_5931\" class=\"screen-reader-text\">\n\t\tCe produit a plusieurs variantes. Les options peuvent \u00eatre choisies sur la page du produit \t<\/span>\n<a href=\"https:\/\/rostudio.lv\/fr\/shop\/221022\/\" class=\"quick_view_button button\" data-product_id=\"5931\"><svg role=\"img\" viewBox=\"0 0 20 20\" width=\"20\" height=\"20\" > <use href=\"#quickview-eye\" xlink:href=\"#quickview-eye\"><\/use> <\/svg><\/a>\t\t\t<\/div>\n\n\t\t\n\t\t<\/div>\n\t\t<h3 class=\"woocommerce-loop-product__title\"><a href=\"https:\/\/rostudio.lv\/fr\/shop\/221022\/\">221022<\/a><\/h3>\n\n\t\t\n\n\t\n\t\t<span class=\"price\"><span class=\"wcpbc-price wcpbc-price-5931\" data-product-id=\"5931\"><span class=\"woocommerce-Price-amount amount\"><span class=\"woocommerce-Price-currencySymbol\">&euro;<\/span>560,00<\/span><\/span><\/span>\n\n\t\n<\/li>\n<li class=\"layout-style-2 col-md-4 col-sm-4 col-xs-6 col-lg-2 product-style-quickview product type-product post-5693 status-publish instock product_cat-boucles-doreilles product_cat-tous-les-bijoux has-post-thumbnail featured sold-individually taxable shipping-taxable purchasable product-type-variable has-default-attributes\">\n\t<div class=\"product-header\"><a href=\"https:\/\/rostudio.lv\/fr\/shop\/boucles-doreilles-umbrella-plaque-or\/\" class=\"woocommerce-LoopProduct-link woocommerce-loop-product__link\"><img loading=\"lazy\" decoding=\"async\" width=\"433\" height=\"516\" src=\"https:\/\/rostudio.lv\/wp-content\/uploads\/2025\/09\/umberella_gold-copy-433x516.jpg\" class=\"attachment-woocommerce_thumbnail size-woocommerce_thumbnail\" alt=\"Boucles d&#039;oreilles UMBRELLA plaqu\u00e9 or\" srcset=\"https:\/\/rostudio.lv\/wp-content\/uploads\/2025\/09\/umberella_gold-copy-433x516.jpg 433w, https:\/\/rostudio.lv\/wp-content\/uploads\/2025\/09\/umberella_gold-copy-9x12.jpg 9w\" sizes=\"auto, (max-width: 433px) 100vw, 433px\" \/><\/a>\n\t\t\n\t\t\t<div class=\"buttons-icon\">\n\t\t\t\t<a href=\"\/fr\/wp-json\/wp\/v2\/pages\/4331?add_to_wishlist=5693\" data-product_id=\"5693\" data-product_type=\"variable\" class=\"button add-to-wishlist-button add-to-wishlist-5693 \" rel=\"nofollow\">\n\t\t\t<svg role=\"img\" viewBox=\"0 0 20 20\" width=\"20\" height=\"20\" class=\"like\" > <use href=\"#heart-wishlist-like\" xlink:href=\"#heart-wishlist-like\"><\/use> <\/svg><svg role=\"img\" viewBox=\"0 0 20 20\" width=\"20\" height=\"20\" class=\"liked\" > <use href=\"#heart-wishlist-liked\" xlink:href=\"#heart-wishlist-liked\"><\/use> <\/svg>\n\t\t\t<span class=\"indent-text\">Ajouter \u00e0 la liste de souhaits<\/span>\n\t\t<\/a>\t\t\t<\/div>\n\n\t\t\n\t\t\n\t\t\t<div class=\"buttons\">\n\t\t\t\t<a href=\"https:\/\/rostudio.lv\/fr\/shop\/boucles-doreilles-umbrella-plaque-or\/\" data-quantity=\"1\" class=\"button product_type_variable add_to_cart_button sober-loop-atc-button\" data-product_id=\"5693\" data-product_sku=\"the golden UMBRELLA earrings\" aria-label=\"S\u00e9lectionner les options pour &ldquo;Boucles d&#039;oreilles UMBRELLA plaqu\u00e9 or&rdquo;\" rel=\"nofollow\">\n\t\t\t\t<svg role=\"img\" viewBox=\"0 0 20 20\" width=\"20\" height=\"20\" > <use href=\"#basket-addtocart\" xlink:href=\"#basket-addtocart\"><\/use> <\/svg>\n\t\t\t\t<span class=\"screen-reader-text\">Choix des options<\/span>\n\t\t\t<\/a>\t<span id=\"woocommerce_loop_add_to_cart_link_describedby_5693\" class=\"screen-reader-text\">\n\t\tCe produit a plusieurs variantes. Les options peuvent \u00eatre choisies sur la page du produit \t<\/span>\n<a href=\"https:\/\/rostudio.lv\/fr\/shop\/boucles-doreilles-umbrella-plaque-or\/\" class=\"quick_view_button button\" data-product_id=\"5693\"><svg role=\"img\" viewBox=\"0 0 20 20\" width=\"20\" height=\"20\" > <use href=\"#quickview-eye\" xlink:href=\"#quickview-eye\"><\/use> <\/svg><\/a>\t\t\t<\/div>\n\n\t\t\n\t\t<\/div>\n\t\t<h3 class=\"woocommerce-loop-product__title\"><a href=\"https:\/\/rostudio.lv\/fr\/shop\/boucles-doreilles-umbrella-plaque-or\/\">Boucles d&rsquo;oreilles UMBRELLA plaqu\u00e9 or<\/a><\/h3>\n\n\t\t\n\n\t\n\t\t<span class=\"price\"><span class=\"wcpbc-price wcpbc-price-5693\" data-product-id=\"5693\"><span class=\"woocommerce-Price-amount amount\"><span class=\"woocommerce-Price-currencySymbol\">&euro;<\/span>300,00<\/span><\/span><\/span>\n\n\t\n<\/li>\n<li class=\"layout-style-2 col-md-4 col-sm-4 col-xs-6 col-lg-2 product-style-quickview product type-product post-5956 status-publish instock product_cat-bagues product_cat-tous-les-bijoux has-post-thumbnail sold-individually taxable shipping-taxable purchasable product-type-variable\">\n\t<div class=\"product-header\"><a href=\"https:\/\/rostudio.lv\/fr\/shop\/240925\/\" class=\"woocommerce-LoopProduct-link woocommerce-loop-product__link\"><img loading=\"lazy\" decoding=\"async\" width=\"433\" height=\"516\" src=\"https:\/\/rostudio.lv\/wp-content\/uploads\/2025\/09\/240925_sudraba_truba-6-433x516.jpg\" class=\"attachment-woocommerce_thumbnail size-woocommerce_thumbnail\" alt=\"240925\" srcset=\"https:\/\/rostudio.lv\/wp-content\/uploads\/2025\/09\/240925_sudraba_truba-6-433x516.jpg 433w, https:\/\/rostudio.lv\/wp-content\/uploads\/2025\/09\/240925_sudraba_truba-6-9x12.jpg 9w\" sizes=\"auto, (max-width: 433px) 100vw, 433px\" \/><\/a>\n\t\t\n\t\t\t<div class=\"buttons-icon\">\n\t\t\t\t<a href=\"\/fr\/wp-json\/wp\/v2\/pages\/4331?add_to_wishlist=5956\" data-product_id=\"5956\" data-product_type=\"variable\" class=\"button add-to-wishlist-button add-to-wishlist-5956 \" rel=\"nofollow\">\n\t\t\t<svg role=\"img\" viewBox=\"0 0 20 20\" width=\"20\" height=\"20\" class=\"like\" > <use href=\"#heart-wishlist-like\" xlink:href=\"#heart-wishlist-like\"><\/use> <\/svg><svg role=\"img\" viewBox=\"0 0 20 20\" width=\"20\" height=\"20\" class=\"liked\" > <use href=\"#heart-wishlist-liked\" xlink:href=\"#heart-wishlist-liked\"><\/use> <\/svg>\n\t\t\t<span class=\"indent-text\">Ajouter \u00e0 la liste de souhaits<\/span>\n\t\t<\/a>\t\t\t<\/div>\n\n\t\t\n\t\t\n\t\t\t<div class=\"buttons\">\n\t\t\t\t<a href=\"https:\/\/rostudio.lv\/fr\/shop\/240925\/\" data-quantity=\"1\" class=\"button product_type_variable add_to_cart_button sober-loop-atc-button\" data-product_id=\"5956\" data-product_sku=\"240925\" aria-label=\"S\u00e9lectionner les options pour &ldquo;240925&rdquo;\" rel=\"nofollow\">\n\t\t\t\t<svg role=\"img\" viewBox=\"0 0 20 20\" width=\"20\" height=\"20\" > <use href=\"#basket-addtocart\" xlink:href=\"#basket-addtocart\"><\/use> <\/svg>\n\t\t\t\t<span class=\"screen-reader-text\">Choix des options<\/span>\n\t\t\t<\/a>\t<span id=\"woocommerce_loop_add_to_cart_link_describedby_5956\" class=\"screen-reader-text\">\n\t\tCe produit a plusieurs variantes. Les options peuvent \u00eatre choisies sur la page du produit \t<\/span>\n<a href=\"https:\/\/rostudio.lv\/fr\/shop\/240925\/\" class=\"quick_view_button button\" data-product_id=\"5956\"><svg role=\"img\" viewBox=\"0 0 20 20\" width=\"20\" height=\"20\" > <use href=\"#quickview-eye\" xlink:href=\"#quickview-eye\"><\/use> <\/svg><\/a>\t\t\t<\/div>\n\n\t\t\n\t\t<\/div>\n\t\t<h3 class=\"woocommerce-loop-product__title\"><a href=\"https:\/\/rostudio.lv\/fr\/shop\/240925\/\">240925<\/a><\/h3>\n\n\t\t\n\n\t\n\t\t<span class=\"price\"><span class=\"wcpbc-price wcpbc-price-5956\" data-product-id=\"5956\"><span class=\"woocommerce-Price-amount amount\"><span class=\"woocommerce-Price-currencySymbol\">&euro;<\/span>210,00<\/span><\/span><\/span>\n\n\t\n<\/li>\n<li class=\"new layout-style-2 col-md-4 col-sm-4 col-xs-6 col-lg-2 product-style-quickview product type-product post-5932 status-publish last instock product_cat-bagues product_cat-bagues-de-fiancailles product_cat-tous-les-bijoux has-post-thumbnail sold-individually taxable shipping-taxable purchasable product-type-variable\">\n\t<div class=\"product-header\"><a href=\"https:\/\/rostudio.lv\/fr\/shop\/220625\/\" class=\"woocommerce-LoopProduct-link woocommerce-loop-product__link\"><img loading=\"lazy\" decoding=\"async\" width=\"433\" height=\"516\" src=\"https:\/\/rostudio.lv\/wp-content\/uploads\/2025\/09\/TULPE-8-433x516.jpg\" class=\"attachment-woocommerce_thumbnail size-woocommerce_thumbnail\" alt=\"220625\" srcset=\"https:\/\/rostudio.lv\/wp-content\/uploads\/2025\/09\/TULPE-8-433x516.jpg 433w, https:\/\/rostudio.lv\/wp-content\/uploads\/2025\/09\/TULPE-8-9x12.jpg 9w\" sizes=\"auto, (max-width: 433px) 100vw, 433px\" \/><\/a>\n\t\t\n\t\t\t<div class=\"buttons-icon\">\n\t\t\t\t<a href=\"\/fr\/wp-json\/wp\/v2\/pages\/4331?add_to_wishlist=5932\" data-product_id=\"5932\" data-product_type=\"variable\" class=\"button add-to-wishlist-button add-to-wishlist-5932 \" rel=\"nofollow\">\n\t\t\t<svg role=\"img\" viewBox=\"0 0 20 20\" width=\"20\" height=\"20\" class=\"like\" > <use href=\"#heart-wishlist-like\" xlink:href=\"#heart-wishlist-like\"><\/use> <\/svg><svg role=\"img\" viewBox=\"0 0 20 20\" width=\"20\" height=\"20\" class=\"liked\" > <use href=\"#heart-wishlist-liked\" xlink:href=\"#heart-wishlist-liked\"><\/use> <\/svg>\n\t\t\t<span class=\"indent-text\">Ajouter \u00e0 la liste de souhaits<\/span>\n\t\t<\/a>\t\t\t<\/div>\n\n\t\t\n\t\t\n\t\t\t<div class=\"buttons\">\n\t\t\t\t<a href=\"https:\/\/rostudio.lv\/fr\/shop\/220625\/\" data-quantity=\"1\" class=\"button product_type_variable add_to_cart_button sober-loop-atc-button\" data-product_id=\"5932\" data-product_sku=\"___220625\" aria-label=\"S\u00e9lectionner les options pour &ldquo;220625&rdquo;\" rel=\"nofollow\">\n\t\t\t\t<svg role=\"img\" viewBox=\"0 0 20 20\" width=\"20\" height=\"20\" > <use href=\"#basket-addtocart\" xlink:href=\"#basket-addtocart\"><\/use> <\/svg>\n\t\t\t\t<span class=\"screen-reader-text\">Choix des options<\/span>\n\t\t\t<\/a>\t<span id=\"woocommerce_loop_add_to_cart_link_describedby_5932\" class=\"screen-reader-text\">\n\t\tCe produit a plusieurs variantes. Les options peuvent \u00eatre choisies sur la page du produit \t<\/span>\n<a href=\"https:\/\/rostudio.lv\/fr\/shop\/220625\/\" class=\"quick_view_button button\" data-product_id=\"5932\"><svg role=\"img\" viewBox=\"0 0 20 20\" width=\"20\" height=\"20\" > <use href=\"#quickview-eye\" xlink:href=\"#quickview-eye\"><\/use> <\/svg><\/a>\t\t\t<\/div>\n\n\t\t\n\t\t<\/div>\n\t\t<h3 class=\"woocommerce-loop-product__title\"><a href=\"https:\/\/rostudio.lv\/fr\/shop\/220625\/\">220625<\/a><\/h3>\n\n\t\t\n\n\t\n\t\t<span class=\"price\"><span class=\"wcpbc-price wcpbc-price-5932\" data-product-id=\"5932\"><span class=\"woocommerce-Price-amount amount\"><span class=\"woocommerce-Price-currencySymbol\">&euro;<\/span>210,00<\/span><\/span><\/span>\n\n\t\n<\/li>\n<\/ul>\n<\/div><\/div>[\/vc_column][\/vc_row]<\/p>\n<\/div>","protected":false},"excerpt":{"rendered":"<p>[vc_row full_width=\u00a0\u00bbstretch_row_content_no_spaces\u00a0\u00bb full_height=\u00a0\u00bbyes\u00a0\u00bb columns_placement=\u00a0\u00bbbottom\u00a0\u00bb content_placement=\u00a0\u00bbbottom\u00a0\u00bb css_animation=\u00a0\u00bbfadeIn\u00a0\u00bb el_class=\u00a0\u00bbtext-light\u00a0\u00bb css=\u00a0\u00bb.vc_custom_1742392472139{background-image: url(https:\/\/rostudio.lv\/wp-content\/uploads\/2025\/03\/RO-photoshoot-509-of-804-scaled.jpg?id=3350) !important;background-position: center !important;background-repeat: no-repeat !important;background-size: cover !important;}\u00a0\u00bb][vc_column][\/vc_column][\/vc_row][vc_row css=\u00a0\u00bb.vc_custom_1775038177137{margin-top: 50px !important;}\u00a0\u00bb][vc_column][vc_column_text css=\u00a0\u00bb\u00a0\u00bb]Inspir\u00e9 par le rythme effr\u00e9n\u00e9 du monde, RO STUDIO est n\u00e9 de l&rsquo;union cr\u00e9ative de Ter\u0113ze et Roberts ___un couple marchant main dans la main \u00e0 travers la vie et les&hellip;<\/p>\n","protected":false},"author":1,"featured_media":0,"parent":0,"menu_order":0,"comment_status":"closed","ping_status":"closed","template":"","meta":{"footnotes":""},"class_list":["post-4331","page","type-page","status-publish","hentry"],"_links":{"self":[{"href":"https:\/\/rostudio.lv\/fr\/wp-json\/wp\/v2\/pages\/4331","targetHints":{"allow":["GET"]}}],"collection":[{"href":"https:\/\/rostudio.lv\/fr\/wp-json\/wp\/v2\/pages"}],"about":[{"href":"https:\/\/rostudio.lv\/fr\/wp-json\/wp\/v2\/types\/page"}],"author":[{"embeddable":true,"href":"https:\/\/rostudio.lv\/fr\/wp-json\/wp\/v2\/users\/1"}],"replies":[{"embeddable":true,"href":"https:\/\/rostudio.lv\/fr\/wp-json\/wp\/v2\/comments?post=4331"}],"version-history":[{"count":23,"href":"https:\/\/rostudio.lv\/fr\/wp-json\/wp\/v2\/pages\/4331\/revisions"}],"predecessor-version":[{"id":6111,"href":"https:\/\/rostudio.lv\/fr\/wp-json\/wp\/v2\/pages\/4331\/revisions\/6111"}],"wp:attachment":[{"href":"https:\/\/rostudio.lv\/fr\/wp-json\/wp\/v2\/media?parent=4331"}],"curies":[{"name":"wp","href":"https:\/\/api.w.org\/{rel}","templated":true}]}}