{"id":4323,"date":"2017-06-07T04:29:17","date_gmt":"2017-06-07T02:29:17","guid":{"rendered":"https:\/\/rostudio.lv\/guide-des-tailles\/"},"modified":"2025-12-21T02:10:36","modified_gmt":"2025-12-21T00:10:36","slug":"guide-des-tailles","status":"publish","type":"page","link":"https:\/\/rostudio.lv\/fr\/guide-des-tailles\/","title":{"rendered":"Guide des tailles"},"content":{"rendered":"<div class=\"wpb-content-wrapper\"><p>[vc_row][vc_column width=\u00a0\u00bb1\/2&Prime;]<div class=\"sober-banner4 horizontal-align-left vertical-align-top light-scheme  \">\n\t\t\t\t<img decoding=\"async\" class=\"\" src=\"https:\/\/rostudio.lv\/wp-content\/uploads\/2025\/03\/baranka_ar_moissanitu-scaled-600x400.jpg\" width=\"600\" height=\"400\" alt=\"baranka_ar_moissan\u012btu\" title=\"baranka_ar_moissan\u012btu\" loading=\"lazy\" \/>\n\t\t\t\t<div class=\"banner-content\">\n\t\t\t\t\t<span class=\"banner-text\"><h2>guide des tailles de bagues<\/h2>\n<\/span>\n\t\t\t\t\t<span class=\"sober-button line-hover active button-color-light\">comment mesurer ma taille<\/span>\n\t\t\t\t<\/div>\n\t\t\t\t<a href=\"#rings\" target=\"\" rel=\"\" title=\"\">Voir les d\u00e9tails<\/a>\n\t\t\t<\/div>[\/vc_column][vc_column width=\u00a0\u00bb1\/2&Prime;]<div class=\"sober-banner4 horizontal-align-left vertical-align-top light-scheme  \">\n\t\t\t\t<img decoding=\"async\" class=\"\" src=\"https:\/\/rostudio.lv\/wp-content\/uploads\/2025\/07\/wire_bracelet_silver-4-scaled-600x400.jpg\" width=\"600\" height=\"400\" alt=\"wire_bracelet_silver-4\" title=\"wire_bracelet_silver-4\" loading=\"lazy\" \/>\n\t\t\t\t<div class=\"banner-content\">\n\t\t\t\t\t<span class=\"banner-text\"><p style=\"font-weight: 600;\">NOUVELLE COLLECTION<\/p>\n<h2>guide des tailles de manchettes<\/h2>\n<\/span>\n\t\t\t\t\t<span class=\"sober-button line-hover active button-color-light\">comment conna\u00eetre votre taille<\/span>\n\t\t\t\t<\/div>\n\t\t\t\t<a href=\"#cuffs\" target=\"\" rel=\"\" title=\"\">Voir les d\u00e9tails<\/a>\n\t\t\t<\/div>[\/vc_column][\/vc_row][vc_row full_width=\u00a0\u00bbstretch_row\u00a0\u00bb parallax=\u00a0\u00bbcontent-moving\u00a0\u00bb css=\u00a0\u00bb.vc_custom_1604829578990{padding-top: 70px !important;padding-bottom: 70px !important;}\u00a0\u00bb][vc_column offset=\u00a0\u00bbvc_col-lg-12 vc_col-md-12&Prime;][vc_empty_space height=\u00a0\u00bb50px\u00a0\u00bb][vc_custom_heading text=\u00a0\u00bbBAGUES<br \/>\ncomment mesurer ma taille\u00a0\u00bb font_container=\u00a0\u00bbtag:h2|font_size:24|text_align:left\u00a0\u00bb use_theme_fonts=\u00a0\u00bbyes\u00a0\u00bb css=\u00a0\u00bb.vc_custom_1604829540311{margin-bottom: 15px !important;}\u00a0\u00bb el_id=\u00a0\u00bbrings\u00a0\u00bb][vc_column_text css=\u00a0\u00bb.vc_custom_1753956072989{margin-bottom: 15px !important;}\u00a0\u00bb]le dimensionnement des bagues est d\u00e9licat&nbsp;!<\/p>\n<p>si vous ne connaissez pas votre taille de bague, nous serons heureux de vous accueillir dans notre boutique et de vous aider \u00e0 trouver la taille id\u00e9ale pour votre prochaine bague pr\u00e9f\u00e9r\u00e9e&nbsp;! en cas de doute, envoyez-nous un message et nous vous aiderons&nbsp;!<\/p>\n<p><strong>___mesurer votre doigt<\/strong><\/p>\n<p>votre bague doit s\u2019adapter confortablement \u00e0 votre doigt, suffisamment serr\u00e9e pour qu\u2019elle ne tombe pas, mais suffisamment l\u00e2che pour glisser sur votre jointure avec une certaine r\u00e9sistance.<\/p>\n<p>la taille des doigts change en fonction de l\u2019heure de la journ\u00e9e et de la m\u00e9t\u00e9o. pour de meilleurs r\u00e9sultats, mesurez votre doigt \u00e0 la fin de la journ\u00e9e et lorsque vos doigts sont chauds. de plus, afin d\u2019\u00e9liminer une lecture inexacte, veuillez mesurer la taille des doigts trois \u00e0 quatre fois avant de la commander.  <\/p>\n<p>si votre jointure est beaucoup plus grande que la base de votre doigt, mesurez les deux et s\u00e9lectionnez une taille entre les deux.<\/p>\n<p><strong>___la temp\u00e9rature est importante<\/strong><\/p>\n<p>ne mesurez pas lorsque votre temp\u00e9rature corporelle est trop froide ou trop chaude. un doigt froid r\u00e9tr\u00e9cit tandis qu\u2019un doigt chaud se dilate, ce qui provoque une lecture inexacte. ne mesurez que lorsque les doigts sont \u00e0 temp\u00e9rature ambiante.  <\/p>\n<p><strong>___lorsque deux tailles semblent convenir<\/strong><\/p>\n<p>si vous h\u00e9sitez entre deux tailles, optez toujours pour la plus grande.<\/p>\n<p><strong>___une bande plus large n\u00e9cessite une plus grande taille<\/strong><\/p>\n<p>si vous achetez une bague avec une large bande, nous vous sugg\u00e9rons d\u2019augmenter d\u2019une demi-taille par rapport \u00e0 votre mesure pour vous sentir plus \u00e0 l\u2019aise.<\/p>\n<p><strong>___voir le tableau des tailles ci-dessous<\/strong><\/p>\n<table style=\"height: 877px;\" width=\"615\">\n<tbody>\n<tr>\n<td width=\"90\">diam\u00e8tre int\u00e9rieur (mm)<\/td>\n<td width=\"90\">\u00e9tats-unis et canada<\/td>\n<td width=\"90\">royaume-uni et australie<\/td>\n<\/tr>\n<tr>\n<td>12<\/td>\n<td>1\/2<\/td>\n<td>A<\/td>\n<\/tr>\n<tr>\n<td>12.5<\/td>\n<td>1 1\/4<\/td>\n<td>B 1\/2<\/td>\n<\/tr>\n<tr>\n<td>13<\/td>\n<td>1 3\/4<\/td>\n<td>C 1\/2<\/td>\n<\/tr>\n<tr>\n<td>13.5<\/td>\n<td>2 1\/4<\/td>\n<td>D 1\/2<\/td>\n<\/tr>\n<tr>\n<td>14<\/td>\n<td>3<\/td>\n<td>F<\/td>\n<\/tr>\n<tr>\n<td>14.5<\/td>\n<td>3 1\/2<\/td>\n<td>G<\/td>\n<\/tr>\n<tr>\n<td>15<\/td>\n<td>4<\/td>\n<td>H 1\/2<\/td>\n<\/tr>\n<tr>\n<td>15.5<\/td>\n<td>4 1\/2<\/td>\n<td>J<\/td>\n<\/tr>\n<tr>\n<td>16<\/td>\n<td>5 1\/2<\/td>\n<td>K 1\/2<\/td>\n<\/tr>\n<tr>\n<td>16.5<\/td>\n<td>6<\/td>\n<td>L 1\/2<\/td>\n<\/tr>\n<tr>\n<td>17<\/td>\n<td>6 1\/2<\/td>\n<td>M 1\/2<\/td>\n<\/tr>\n<tr>\n<td>17.5<\/td>\n<td>7<\/td>\n<td>O<\/td>\n<\/tr>\n<tr>\n<td>18<\/td>\n<td>8<\/td>\n<td>P 1\/2<\/td>\n<\/tr>\n<tr>\n<td>18.5<\/td>\n<td>8 1\/2<\/td>\n<td>Q 1\/2<\/td>\n<\/tr>\n<tr>\n<td>19<\/td>\n<td>9<\/td>\n<td>R 1\/2<\/td>\n<\/tr>\n<tr>\n<td>19.5<\/td>\n<td>9 1\/2<\/td>\n<td>S 1\/2<\/td>\n<\/tr>\n<tr>\n<td>20<\/td>\n<td>10<\/td>\n<td>U<\/td>\n<\/tr>\n<tr>\n<td>20.5<\/td>\n<td>11<\/td>\n<td>V 1\/2<\/td>\n<\/tr>\n<tr>\n<td>21<\/td>\n<td>11 1\/2<\/td>\n<td>W 1\/2<\/td>\n<\/tr>\n<tr>\n<td>21.5<\/td>\n<td>12<\/td>\n<td>X 1\/2<\/td>\n<\/tr>\n<tr>\n<td>22<\/td>\n<td>12 1\/2<\/td>\n<td>Z 1\/2<\/td>\n<\/tr>\n<\/tbody>\n<\/table>\n<p>[\/vc_column_text][\/vc_column][\/vc_row][vc_row full_width=\u00a0\u00bbstretch_row\u00a0\u00bb parallax=\u00a0\u00bbcontent-moving\u00a0\u00bb css=\u00a0\u00bb.vc_custom_1604830777539{padding-top: 70px !important;padding-bottom: 70px !important;}\u00a0\u00bb el_id=\u00a0\u00bbmanchettes\u00a0\u00bb][vc_column width=\u00a0\u00bb2\/3&Prime; offset=\u00a0\u00bbvc_col-lg-8 vc_col-md-8&Prime;][vc_empty_space height=\u00a0\u00bb50px\u00a0\u00bb][vc_custom_heading text=\u00a0\u00bbMANCHETTES<br \/>\ncomment choisir ma taille\u00a0\u00bb font_container=\u00a0\u00bbtag:h2|font_size:24|text_align:left\u00a0\u00bb use_theme_fonts=\u00a0\u00bbyes\u00a0\u00bb css=\u00a0\u00bb.vc_custom_1604830710819{margin-bottom: 15px !important;}\u00a0\u00bb][vc_column_text css=\u00a0\u00bb.vc_custom_1753956852119{margin-bottom: 15px !important;}\u00a0\u00bb]<strong>___dimensionnement des bracelets\/manchettes<\/strong><\/p>\n<p>mesurez votre poignet sous l\u2019os du poignet ou l\u00e0 o\u00f9 vous porteriez normalement votre bracelet.<\/p>\n<p>si vous \u00eates entre deux tailles, demandez-vous comment vous aimeriez porter votre bracelet\/manchette. si vous le portez \u00e9troitement, choisissez une taille plus petite et si vous aimez le porter l\u00e2chement, prenez la taille au-dessus. <\/p>\n<p>si vous vous sentez confus, nous serons heureux de vous accueillir \u00e0 notre studio et de vous aider \u00e0 trouver la meilleure taille pour votre prochain bracelet pr\u00e9f\u00e9r\u00e9&nbsp;! en cas de doute, envoyez-nous un message et nous vous aiderons.<\/p>\n<p><strong>___voir le tableau des tailles ci-dessous<\/strong><\/p>\n<table width=\"435\">\n<tbody>\n<tr>\n<td width=\"123\">taille<\/td>\n<td width=\"145\">millim\u00e8tres<\/td>\n<td width=\"167\">pouces<\/td>\n<\/tr>\n<tr>\n<td>xxs<\/td>\n<td>130 +\/- 5 mm<\/td>\n<td>4.76 \u2013 5.25 in.<\/td>\n<\/tr>\n<tr>\n<td>xs<\/td>\n<td>140 +\/- 5 mm<\/td>\n<td>5.26 \u2013 5.75 in.<\/td>\n<\/tr>\n<tr>\n<td>s<\/td>\n<td>150 +\/- 5 mm<\/td>\n<td>5.76 \u2013 6.25 in.<\/td>\n<\/tr>\n<tr>\n<td>m<\/td>\n<td>160 +\/- 5 mm<\/td>\n<td>6.26 \u2013 6.75 in.<\/td>\n<\/tr>\n<tr>\n<td>l<\/td>\n<td>170 +\/- 5 mm<\/td>\n<td>6.76 \u2013 7.25 in.<\/td>\n<\/tr>\n<tr>\n<td>xl<\/td>\n<td>180 +\/- 5 mm<\/td>\n<td>7.26 \u2013 7.75 in.<\/td>\n<\/tr>\n<tr>\n<td>xxl<\/td>\n<td>190 +\/- 5 mm<\/td>\n<td>7.76 \u2013 8.25 in.<\/td>\n<\/tr>\n<\/tbody>\n<\/table>\n<p>[\/vc_column_text][\/vc_column][vc_column width=\u00a0\u00bb1\/3&Prime;][\/vc_column][\/vc_row][vc_row full_width=\u00a0\u00bbstretch_row\u00a0\u00bb parallax=\u00a0\u00bbcontent-moving\u00a0\u00bb disable_element=\u00a0\u00bbyes\u00a0\u00bb css=\u00a0\u00bb.vc_custom_1604835745495{padding-top: 70px !important;padding-bottom: 70px !important;background-color: #f1f2f4 !important;}\u00a0\u00bb][vc_column width=\u00a0\u00bb2\/3&Prime; offset=\u00a0\u00bbvc_col-lg-8 vc_col-md-8&Prime;][vc_custom_heading text=\u00a0\u00bb\u00e0 venir tr\u00e8s bient\u00f4t<br \/>\nbijoux sp\u00e9ciaux pour les petits\u00a0\u00bb font_container=\u00a0\u00bbtag:h2|font_size:24|text_align:left\u00a0\u00bb use_theme_fonts=\u00a0\u00bbyes\u00a0\u00bb css=\u00a0\u00bb.vc_custom_1604831067044{margin-bottom: 15px !important;}\u00a0\u00bb][vc_column_text css=\u00a0\u00bb.vc_custom_1604831085026{margin-bottom: 15px !important;}\u00a0\u00bb]ne manquez pas les nouvelles en vous inscrivant ici[\/vc_column_text][vc_column_text][mc4wp_form id=\u00a0\u00bb195&Prime;][\/vc_column_text][\/vc_column][vc_column width=\u00a0\u00bb1\/3&Prime;][\/vc_column][\/vc_row][vc_row][vc_column width=\u00a0\u00bb1\/2&Prime;][vc_empty_space height=\u00a0\u00bb65px\u00a0\u00bb]<div class=\"sober-banner4 horizontal-align-left vertical-align-top light-scheme  \">\n\t\t\t\t<img decoding=\"async\" class=\"\" src=\"https:\/\/rostudio.lv\/wp-content\/uploads\/2021\/11\/RO-photoshoot-744-of-804-scaled-e1743236517344-600x400.jpg\" width=\"600\" height=\"400\" alt=\"S\u00e9ance photo RO (744 sur 804)\" title=\"S\u00e9ance photo RO (744 sur 804)\" loading=\"lazy\" \/>\n\t\t\t\t<div class=\"banner-content\">\n\t\t\t\t\t<span class=\"banner-text\"><h2>changer de taille<\/h2>\n<\/span>\n\t\t\t\t\t<span class=\"sober-button line-hover active button-color-light\">et r\u00e9parations<\/span>\n\t\t\t\t<\/div>\n\t\t\t\t<a href=\"https:\/\/rostudio.lv\/change-repairs\/\" target=\"\" rel=\"\" title=\"changement de taille | r\u00e9parations\">Voir les d\u00e9tails<\/a>\n\t\t\t<\/div>[vc_empty_space height=\u00a0\u00bb75px\u00a0\u00bb][\/vc_column][vc_column width=\u00a0\u00bb1\/2&Prime;][vc_empty_space height=\u00a0\u00bb65px\u00a0\u00bb]<div class=\"sober-banner4 horizontal-align-left vertical-align-top light-scheme  \">\n\t\t\t\t<img decoding=\"async\" class=\"\" src=\"https:\/\/rostudio.lv\/wp-content\/uploads\/2025\/03\/RO-photoshoot-797-of-804-scaled-e1743166690387-600x400.jpg\" width=\"600\" height=\"400\" alt=\"RO photoshoot (797 of 804)\" title=\"RO photoshoot (797 of 804)\" loading=\"lazy\" \/>\n\t\t\t\t<div class=\"banner-content\">\n\t\t\t\t\t<span class=\"banner-text\"><h2>entretien<\/h2>\n<\/span>\n\t\t\t\t\t<span class=\"sober-button line-hover active button-color-light\">recommandations<\/span>\n\t\t\t\t<\/div>\n\t\t\t\t<a href=\"https:\/\/rostudio.lv\/care\/\" target=\"\" rel=\"\" title=\"conseils d&#039;entretien\">Voir les d\u00e9tails<\/a>\n\t\t\t<\/div>[\/vc_column][\/vc_row][vc_row full_width=\u00a0\u00bbstretch_row\u00a0\u00bb disable_element=\u00a0\u00bbyes\u00a0\u00bb css=\u00a0\u00bb.vc_custom_1604830968983{background-color: #f1f2f4 !important;}\u00a0\u00bb][vc_column][vc_custom_heading text=\u00a0\u00bbderri\u00e8re RO STUDIO\u00a0\u00bb font_container=\u00a0\u00bbtag:h2|text_align:center\u00a0\u00bb use_theme_fonts=\u00a0\u00bbyes\u00a0\u00bb css=\u00a0\u00bb.vc_custom_1604830872883{margin-bottom: 80px !important;}\u00a0\u00bb]<div class=\"sober-post-grid post-grid sober-post-grid post-grid columns-3  \">\n\t\t\t\t<div class=\"row\"><div class=\"col-sm-6 col-md-4 post-4484 post type-post status-publish format-standard has-post-thumbnail hentry category-histoires category-ro-studio tag-bijoux tag-rostudio\">\n\t\t\t\t\t<a href=\"https:\/\/rostudio.lv\/fr\/2021\/04\/16\/le-processus-intime-de-creation-des-bijoux-ro-studio\/\" class=\"post-thumbnail\"><img loading=\"lazy\" decoding=\"async\" width=\"360\" height=\"240\" src=\"https:\/\/rostudio.lv\/wp-content\/uploads\/2021\/04\/Screen-Shot-2021-04-16-at-13.32.53-360x240.png\" class=\"attachment-sober-blog-grid size-sober-blog-grid wp-post-image\" alt=\"\" \/><\/a>\n\t\t\t\t\t<div class=\"post-summary\">\n\t\t\t\t\t\t<div class=\"entry-meta\"><\/div>\n\t\t\t\t\t\t<h3 class=\"entry-title\"><a href=\"https:\/\/rostudio.lv\/fr\/2021\/04\/16\/le-processus-intime-de-creation-des-bijoux-ro-studio\/\" rel=\"bookmark\">le processus intime de cr\u00e9ation des bijoux RO STUDIO<\/a><\/h3>\n\t\t\t\t\t\t<div class=\"entry-summary\">regardez notre derni\u00e8re vid\u00e9o pour d\u00e9couvrir le processus intime et un peu cosmique de la cr\u00e9ation de la bague 281120.<\/div>\n\t\t\t\t\t\t<a class=\"line-hover read-more active\" href=\"https:\/\/rostudio.lv\/fr\/2021\/04\/16\/le-processus-intime-de-creation-des-bijoux-ro-studio\/\">Read More<\/a>\n\t\t\t\t\t<\/div>\n\t\t\t\t<\/div><\/div>\n\t\t\t<\/div><div class=\"sober-partners plain-layout \"><div class=\"partner\"><a href=\"#\" target=\"_self\" class=\"partner-logo\"><img decoding=\"async\"  src=\"https:\/\/ik.imagekit.io\/vn49p9jmnnv7g\/sober\/logos\/partner-logo-1_jMqv0e8VTF.png\" \/><\/a><\/div> <div class=\"partner\"><a href=\"#\" target=\"_self\" class=\"partner-logo\"><img decoding=\"async\"  src=\"https:\/\/ik.imagekit.io\/vn49p9jmnnv7g\/sober\/logos\/partner-logo-2_lZuPbm-LB.png\" \/><\/a><\/div> <div class=\"partner\"><a href=\"#\" target=\"_self\" class=\"partner-logo\"><img decoding=\"async\"  src=\"https:\/\/ik.imagekit.io\/vn49p9jmnnv7g\/sober\/logos\/partner-logo-3_KBc99KGmiqy.png\" \/><\/a><\/div> <div class=\"partner\"><a href=\"#\" target=\"_self\" class=\"partner-logo\"><img decoding=\"async\"  src=\"https:\/\/ik.imagekit.io\/vn49p9jmnnv7g\/sober\/logos\/partner-logo-4_wzDK7nKlJk.png\" \/><\/a><\/div> <div class=\"partner\"><a href=\"#\" target=\"_self\" class=\"partner-logo\"><img decoding=\"async\"  src=\"https:\/\/ik.imagekit.io\/vn49p9jmnnv7g\/sober\/logos\/partner-logo-5_97-_7xKmKz42.png\" \/><\/a><\/div><\/div>[vc_empty_space height=\u00a0\u00bb65px\u00a0\u00bb][\/vc_column][\/vc_row]<\/p>\n<\/div>","protected":false},"excerpt":{"rendered":"<p>[vc_row][vc_column width=\u00a0\u00bb1\/2&Prime;][\/vc_column][vc_column width=\u00a0\u00bb1\/2&Prime;][\/vc_column][\/vc_row][vc_row full_width=\u00a0\u00bbstretch_row\u00a0\u00bb parallax=\u00a0\u00bbcontent-moving\u00a0\u00bb css=\u00a0\u00bb.vc_custom_1604829578990{padding-top: 70px !important;padding-bottom: 70px !important;}\u00a0\u00bb][vc_column offset=\u00a0\u00bbvc_col-lg-12 vc_col-md-12&Prime;][vc_empty_space height=\u00a0\u00bb50px\u00a0\u00bb][vc_custom_heading text=\u00a0\u00bbBAGUES comment mesurer ma taille\u00a0\u00bb font_container=\u00a0\u00bbtag:h2|font_size:24|text_align:left\u00a0\u00bb use_theme_fonts=\u00a0\u00bbyes\u00a0\u00bb css=\u00a0\u00bb.vc_custom_1604829540311{margin-bottom: 15px !important;}\u00a0\u00bb el_id=\u00a0\u00bbrings\u00a0\u00bb][vc_column_text css=\u00a0\u00bb.vc_custom_1753956072989{margin-bottom: 15px !important;}\u00a0\u00bb]le dimensionnement des bagues est d\u00e9licat&nbsp;! si vous ne connaissez pas votre taille de bague, nous serons heureux de vous accueillir dans notre boutique&hellip;<\/p>\n","protected":false},"author":1,"featured_media":0,"parent":0,"menu_order":0,"comment_status":"closed","ping_status":"closed","template":"","meta":{"footnotes":""},"class_list":["post-4323","page","type-page","status-publish","hentry"],"_links":{"self":[{"href":"https:\/\/rostudio.lv\/fr\/wp-json\/wp\/v2\/pages\/4323","targetHints":{"allow":["GET"]}}],"collection":[{"href":"https:\/\/rostudio.lv\/fr\/wp-json\/wp\/v2\/pages"}],"about":[{"href":"https:\/\/rostudio.lv\/fr\/wp-json\/wp\/v2\/types\/page"}],"author":[{"embeddable":true,"href":"https:\/\/rostudio.lv\/fr\/wp-json\/wp\/v2\/users\/1"}],"replies":[{"embeddable":true,"href":"https:\/\/rostudio.lv\/fr\/wp-json\/wp\/v2\/comments?post=4323"}],"version-history":[{"count":6,"href":"https:\/\/rostudio.lv\/fr\/wp-json\/wp\/v2\/pages\/4323\/revisions"}],"predecessor-version":[{"id":4360,"href":"https:\/\/rostudio.lv\/fr\/wp-json\/wp\/v2\/pages\/4323\/revisions\/4360"}],"wp:attachment":[{"href":"https:\/\/rostudio.lv\/fr\/wp-json\/wp\/v2\/media?parent=4323"}],"curies":[{"name":"wp","href":"https:\/\/api.w.org\/{rel}","templated":true}]}}