{"id":4311,"date":"2020-10-07T11:34:58","date_gmt":"2020-10-07T09:34:58","guid":{"rendered":"https:\/\/rostudio.lv\/politique-de-confidentialite\/"},"modified":"2025-12-21T02:09:39","modified_gmt":"2025-12-21T00:09:39","slug":"politique-de-confidentialite","status":"publish","type":"page","link":"https:\/\/rostudio.lv\/fr\/politique-de-confidentialite\/","title":{"rendered":"Politique de confidentialit\u00e9"},"content":{"rendered":"<div class=\"wpb-content-wrapper\"><p>[vc_row][vc_column][vc_column_text]<\/p>\n<h1>Priv\u0101tuma politika<\/h1>\n<p>L\u2019adresse de notre site web est https:\/\/rostudio.lv\/.<\/p>\n<h2>Engagements<\/h2>\n<p>Cette politique de confidentialit\u00e9 explique comment \u00ab rostudio.lv \u00bb recueille vos donn\u00e9es personnelles, comment elle les conserve, les utilise et quand elle les divulgue.<\/p>\n<p>\u00ab rostudio.lv \u00bb s\u2019engage \u00e0 prot\u00e9ger la confidentialit\u00e9 de vos donn\u00e9es personnelles, qui sont obtenues aupr\u00e8s de vous, y compris les donn\u00e9es obtenues lorsque vous visitez les pages du site web \u00ab rostudio.lv \u00bb. Nous accordons une grande importance \u00e0 votre vie priv\u00e9e et c\u2019est pourquoi cette politique est facilement accessible sur nos pages web, afin de vous aider \u00e0 comprendre comment sont utilis\u00e9es les informations recueillies lors de l\u2019utilisation des pages web. La politique de confidentialit\u00e9 d\u00e9crit les principes de base du traitement des informations personnelles.  <\/p>\n<h2>Informations que nous recueillons<\/h2>\n<p>Il existe deux types d\u2019informations que \u00ab rostudio.lv \u00bb peut recueillir \u00e0 votre sujet : les \u00ab donn\u00e9es anonymes \u00bb et les \u00ab donn\u00e9es personnelles \u00bb.<\/p>\n<h2>Donn\u00e9es anonymes<\/h2>\n<p>Les donn\u00e9es anonymes se composent de fichiers journaux et de cookies \u2013 ces donn\u00e9es ne sont pas personnellement identifiables, comme votre adresse de protocole Internet (\u00ab IP \u00bb), votre domaine ou des informations sur l\u2019utilisation du site web \u00ab rostudio.lv \u00bb, qui seront utilis\u00e9es uniquement \u00e0 des fins administratives. Ce site web utilise des paquets analytiques standard de l\u2019industrie, qui recueillent automatiquement des informations limit\u00e9es sur les visiteurs du site web et conservent ces informations dans les archives des journaux du serveur. Ces informations peuvent contenir l\u2019adresse IP, le type de navigateur, les informations IP de base, les pages de r\u00e9f\u00e9rence, le syst\u00e8me d\u2019exploitation utilis\u00e9 et les codes de date\/heure. Ces informations n\u2019identifient pas les visiteurs individuels, elles sont utilis\u00e9es pour l\u2019administration du site, ainsi que pour l\u2019analyse de l\u2019application et des tendances du site.   <\/p>\n<p>Les cookies peuvent \u00eatre utilis\u00e9s pour faciliter et acc\u00e9l\u00e9rer l\u2019acc\u00e8s aux fonctionnalit\u00e9s du site web, telles que l\u2019autorisation et\/ou la revisite. Les cookies sont de tr\u00e8s petits fichiers texte qui sont stock\u00e9s sur les ordinateurs personnels \u00e0 des fins de r\u00e9f\u00e9rence. Nous n\u2019associons pas les informations stock\u00e9es dans les cookies \u00e0 des informations personnellement identifiables que vous avez fournies sur notre site.  <\/p>\n<p>Nous n\u2019avons pas d\u2019acc\u00e8s administratif et nous ne sommes pas en mesure d\u2019influencer les cookies utilis\u00e9s par les annonceurs sur notre site web.<\/p>\n<h2>Cookies<\/h2>\n<p>Ce site web utilise des programmes appel\u00e9s cookies, qui permettent \u00e0 l\u2019utilisateur de parcourir le navigateur et de stocker des informations sur les pages web visit\u00e9es. Ces fichiers ne sont pas utilis\u00e9s pour traiter des informations personnelles, ces donn\u00e9es sont anonymes et les informations recueillies \u00e0 l\u2019aide de cookies sont envoy\u00e9es \u00e0 Google pour cr\u00e9er des rapports statistiques sur le site web. Lorsque vous visitez notre site web, les cookies recueillent automatiquement des informations sur votre visite, telles que l\u2019adresse IP, le nom de domaine, le type de navigateur, le type de syst\u00e8me d\u2019exploitation. L\u2019utilisateur a la possibilit\u00e9 de bloquer l\u2019utilisation de cookies.   <\/p>\n<h2>Google Analytics<\/h2>\n<p>Ce site web utilise Google Analytics, qui aide \u00e0 analyser la fa\u00e7on dont les visiteurs utilisent le site web. Cet outil utilise des \u00ab cookies \u00bb, des fichiers texte qui sont plac\u00e9s sur votre ordinateur, afin de recueillir de mani\u00e8re anonyme l\u2019enregistrement Internet standard et les informations sur le comportement des visiteurs. Les informations recueillies par le cookie sur la fa\u00e7on dont vous utilisez le site web, y compris votre adresse IP, sont envoy\u00e9es \u00e0 Google. Ces informations sont utilis\u00e9es pour \u00e9valuer la fa\u00e7on dont les visiteurs utilisent le site web et pour cr\u00e9er des rapports statistiques sur l\u2019activit\u00e9 du site pour \u00ab rostudio.lv \u00bb.   <\/p>\n<p>Nous n\u2019utiliserons jamais et ne permettrons pas non plus \u00e0 une tierce partie d\u2019utiliser cet outil d\u2019analyse statistique pour suivre et obtenir des informations priv\u00e9es sur les visiteurs de notre site web. Google n\u2019associera pas votre adresse IP \u00e0 d\u2019autres donn\u00e9es disponibles pour Google. Ni nous, ni Google ne tenterons d\u2019associer l\u2019adresse IP \u00e0 l\u2019utilisateur individuel de l\u2019ordinateur. Nous n\u2019associerons pas les donn\u00e9es recueillies sur ce site web \u00e0 des informations personnellement identifiables, sauf si vous soumettez des informations dans le formulaire \u00e0 remplir de notre site web.   <\/p>\n<h2>Donn\u00e9es personnelles<\/h2>\n<p>Les donn\u00e9es personnelles sont toutes les donn\u00e9es qui vous identifient personnellement, telles que votre nom, votre adresse, votre adresse e-mail ou votre num\u00e9ro de t\u00e9l\u00e9phone. Nous recueillons ces informations lorsque vous participez \u00e0 un concours, vous vous inscrivez \u00e0 notre bulletin d\u2019information ou vous vous engagez dans d\u2019autres activit\u00e9s en ligne, telles que les forums. <\/p>\n<p>Lorsque nous recueillons des informations personnellement identifiables, vous avez la possibilit\u00e9 de vous inscrire pour recevoir des e-mails ou d\u2019autres types de communication num\u00e9rique de notre part ou de nos partenaires commerciaux.<\/p>\n<p>Si vous avez soumis des informations personnellement identifiables sur le site web \u00ab rostudio.lv \u00bb, vous avez la possibilit\u00e9 de les corriger, de les modifier ou de les supprimer si elles ne correspondent pas \u00e0 la v\u00e9rit\u00e9.<\/p>\n<p>L\u2019inscription n\u2019est pas n\u00e9cessaire pour acc\u00e9der \u00e0 ce site web ou l\u2019utiliser. Toutefois, ce site web peut cr\u00e9er des forums, des blogs, des babillards \u00e9lectroniques et d\u2019autres \u00e9l\u00e9ments qui seront accessibles aux utilisateurs du site web. Vous devrez peut-\u00eatre vous inscrire pour utiliser ces fonctionnalit\u00e9s, surtout si vous souhaitez laisser des commentaires ou ajouter des articles.  <\/p>\n<p>Si vous vous inscrivez et que vous soumettez des informations personnellement identifiables au cours de ce processus, soyez assur\u00e9 que ces informations ne seront pas divulgu\u00e9es \u00e0 une tierce partie sans votre autorisation.<\/p>\n<p>Veuillez noter que si vous publiez des commentaires ou des articles sur l\u2019un des forums, blogs ou babillards \u00e9lectroniques de ce site web, toute information personnellement identifiable qui sera mentionn\u00e9e sera accessible et utilisable par toute personne qui lit ou regarde ces commentaires ou articles. Dans ce cas, nous ne sommes pas responsables des informations personnellement identifiables que vous avez choisi de fournir par le biais de ces canaux.<br \/>\nNous offrons aux visiteurs de notre site web la possibilit\u00e9 de s\u2019inscrire pour recevoir des nouvelles de notre part. Dans ce cas, nous demandons au visiteur une adresse e-mail et un nom. Ces communications comprennent notre bulletin d\u2019information r\u00e9gulier, des promotions de produits et toute autre information qui, selon nous, pourrait \u00eatre importante pour le visiteur. Vous pouvez refuser une partie de ce service ou l\u2019ensemble de ce service en cliquant sur le lien \u00ab se d\u00e9sinscrire \u00bb qui se trouve dans chaque e-mail que nous vous envoyons.    <\/p>\n<p>Si vous soumettez votre adresse e-mail et\/ou votre nom pour recevoir des nouvelles de notre part, ces informations ne seront pas divulgu\u00e9es \u00e0 une tierce partie sans votre autorisation.<\/p>\n<h2>Acc\u00e8s aux informations personnellement identifiables<\/h2>\n<p>Si vos informations personnellement identifiables changent ou si vous souhaitez que nous n\u2019ayons plus acc\u00e8s \u00e0 vos informations personnellement identifiables, vous pouvez demander \u00e0 ce qu\u2019elles soient corrig\u00e9es, mises \u00e0 jour ou supprim\u00e9es en nous envoyant un e-mail \u00e0 info@rostudio.lv.<\/p>\n<h2>Tierces parties et sites web de tierces parties<\/h2>\n<p>Nous respectons votre confidentialit\u00e9, et c\u2019est pourquoi toute information qui sera recueillie sur ce site web sera gard\u00e9e secr\u00e8te. Elle ne sera pas vendue ou utilis\u00e9e d\u2019une mani\u00e8re qui pourrait vous nuire.<\/p>\n<p>Ce site web peut contenir des liens vers d\u2019autres sites web sur lesquels nous n\u2019avons absolument aucun contr\u00f4le. Veuillez en tenir compte lorsque vous cliquez sur des liens ; nous ne sommes pas responsables des pratiques et politiques de confidentialit\u00e9 des autres sites web. C\u2019est pourquoi nous vous recommandons de consulter la politique de confidentialit\u00e9 de chaque site web, que notre site web contienne ou non des liens vers ceux-ci.<\/p>\n<h2>Consentement et corrections<\/h2>\n<p>En utilisant rostudio.lv et\/ou en participant aux activit\u00e9s de rostudio.lv, vous confirmez votre consentement aux termes de la politique de confidentialit\u00e9. Si vous n\u2019acceptez pas cette politique de confidentialit\u00e9, veuillez ne pas soumettre d\u2019informations priv\u00e9es sur ce site web.<\/p>\n<p>Nous suivons les normes de l\u2019industrie pour prot\u00e9ger toute information que vous nous avez soumise. Toutefois, il convient de noter qu\u2019aucune des m\u00e9thodes de stockage \u00e9lectronique ne sera jamais s\u00fbre \u00e0 100 %. Par cons\u00e9quent, comme toute autre organisation, nous ne pouvons pas garantir une s\u00e9curit\u00e9 absolue \u00e0 vos informations.<\/p>\n<p>\u00ab rostudio.lv \u00bb peut apporter des modifications \u00e0 la politique de confidentialit\u00e9 \u00e0 tout moment et \u00e0 sa seule discr\u00e9tion. Les corrections entrent en vigueur apr\u00e8s leur publication sur le site web. Il est de votre responsabilit\u00e9 de relire p\u00e9riodiquement cette politique de confidentialit\u00e9 afin de vous assurer que vous \u00eates au courant des modifications.<\/p>\n<h2>Juridiction<\/h2>\n<p>Nous nous r\u00e9servons le droit de divulguer vos informations personnellement identifiables, comme l\u2019exige la loi, et dans les cas o\u00f9 nous estimons que la divulgation est n\u00e9cessaire pour prot\u00e9ger nos droits et\/ou en nous soumettant \u00e0 des actions juridiques, des citations \u00e0 compara\u00eetre ou des proc\u00e9dures judiciaires.<\/p>\n<h2>Politique de retour<\/h2>\n<p>Vous avez le droit de demander le remboursement int\u00e9gral de l\u2019argent vers\u00e9 dans les 14 jours suivant la r\u00e9ception de la marchandise, sauf indication contraire dans la description de la marchandise ou du service. Pour retourner l\u2019argent vers\u00e9, vous devez contacter le prestataire de services en \u00e9crivant \u00e0 l\u2019adresse e-mail : info@rostudio, en joignant \u00e0 cet e-mail un document prouvant le paiement et une demande de remboursement de l\u2019argent vers\u00e9.<\/p>\n<p>Le montant qui vous sera rembours\u00e9 n\u2019inclura pas les frais d\u2019exp\u00e9dition et tous les autres frais encourus lors de votre commande, tels que les droits d\u2019importation et autres.<\/p>\n<p>we will not exchange custom-made orders, wedding rings, pieces with engraving and jewelry that have been worn or show obvious signs of wear.<\/p>\n<p>Il n\u2019est pas possible de retourner les bijoux sp\u00e9cialement fabriqu\u00e9s sur commande, tels que les alliances, les bijoux avec une gravure sp\u00e9ciale, ainsi que les bijoux qui ont \u00e9t\u00e9 port\u00e9s et qui pr\u00e9sentent des signes d\u2019utilisation visibles.<\/p>\n<p>Si la marchandise a \u00e9t\u00e9 utilis\u00e9e et\/ou endommag\u00e9e, c\u2019est-\u00e0-dire qu\u2019elle n\u2019est pas dans l\u2019\u00e9tat d\u2019un nouveau bijou d\u2019origine et que des signes d\u2019utilisation sont visibles, la marchandise sera retourn\u00e9e \u00e0 l\u2019acheteur, les frais de retour \u00e9tant \u00e0 la charge de l\u2019acheteur. Rostudio.lv se r\u00e9serve le droit de ne pas accepter les bijoux retourn\u00e9s s\u2019ils ne correspondent pas aux exigences susmentionn\u00e9es.<\/p>\n<p>Tous les bijoux retourn\u00e9s doivent \u00eatre dans leur emballage d\u2019origine.<\/p>\n<p>Pour \u00e9changer des bijoux, envoyez un e-mail \u00e0 info@rostudio.lv, indiquez le num\u00e9ro de commande et la raison pour laquelle vous souhaitez \u00e9changer les bijoux. Nous vous contacterons par e-mail pour effectuer le processus d\u2019\u00e9change et discuter des d\u00e9tails.<\/p>\n<p>Le remboursement peut prendre jusqu\u2019\u00e0 15 jours.<\/p>\n<p>&nbsp;<\/p>\n<h2>Coordonn\u00e9es de l\u2019entreprise<\/h2>\n<p>RO STUDIO, SIA<\/p>\n<p>A\/S \u00ab SEB banka \u00bb, code UNLALV2X<\/p>\n<p>LV77UNLA0055001987698<\/p>\n<p>Akotu iela 3, R\u012bga, Latvija, LV-1082<\/p>\n<p>Re\u0123. No. 40203273087<\/p>\n<p>info@rostudio.lv<\/p>\n<p><a href=\"tel:+37129133118\">+371 29 133 118<\/a><\/p>\n<h3>Cette politique de confidentialit\u00e9 a \u00e9t\u00e9 mise \u00e0 jour pour la derni\u00e8re fois le [18.11.2020.].<\/h3>\n<p>[\/vc_column_text][\/vc_column][\/vc_row]<\/p>\n<\/div>","protected":false},"excerpt":{"rendered":"<p>[vc_row][vc_column][vc_column_text] Priv\u0101tuma politika L\u2019adresse de notre site web est https:\/\/rostudio.lv\/. Engagements Cette politique de confidentialit\u00e9 explique comment \u00ab rostudio.lv \u00bb recueille vos donn\u00e9es personnelles, comment elle les conserve, les utilise et quand elle les divulgue. \u00ab rostudio.lv \u00bb s\u2019engage \u00e0 prot\u00e9ger la confidentialit\u00e9 de vos donn\u00e9es personnelles, qui sont obtenues&hellip;<\/p>\n","protected":false},"author":1,"featured_media":0,"parent":0,"menu_order":0,"comment_status":"closed","ping_status":"open","template":"","meta":{"footnotes":""},"class_list":["post-4311","page","type-page","status-publish","hentry"],"_links":{"self":[{"href":"https:\/\/rostudio.lv\/fr\/wp-json\/wp\/v2\/pages\/4311","targetHints":{"allow":["GET"]}}],"collection":[{"href":"https:\/\/rostudio.lv\/fr\/wp-json\/wp\/v2\/pages"}],"about":[{"href":"https:\/\/rostudio.lv\/fr\/wp-json\/wp\/v2\/types\/page"}],"author":[{"embeddable":true,"href":"https:\/\/rostudio.lv\/fr\/wp-json\/wp\/v2\/users\/1"}],"replies":[{"embeddable":true,"href":"https:\/\/rostudio.lv\/fr\/wp-json\/wp\/v2\/comments?post=4311"}],"version-history":[{"count":5,"href":"https:\/\/rostudio.lv\/fr\/wp-json\/wp\/v2\/pages\/4311\/revisions"}],"predecessor-version":[{"id":4321,"href":"https:\/\/rostudio.lv\/fr\/wp-json\/wp\/v2\/pages\/4311\/revisions\/4321"}],"wp:attachment":[{"href":"https:\/\/rostudio.lv\/fr\/wp-json\/wp\/v2\/media?parent=4311"}],"curies":[{"name":"wp","href":"https:\/\/api.w.org\/{rel}","templated":true}]}}